{"id":98,"date":"2025-03-05T20:31:41","date_gmt":"2025-03-05T20:31:41","guid":{"rendered":"https:\/\/mincavi.com\/?post_type=product&#038;p=98"},"modified":"2026-05-05T18:26:03","modified_gmt":"2026-05-05T18:26:03","slug":"pate-mexicain","status":"publish","type":"product","link":"https:\/\/mincavi.com\/boutique\/produit\/pate-mexicain\/","title":{"rendered":"P\u00e2t\u00e9 mexicain"},"content":{"rendered":"<p>Repas de 275 g<br \/>\nProduit congel\u00e9<\/p>\n<p>Fait de porc hach\u00e9 extra-maigre et d&rsquo;haricots rouges, ce p\u00e2t\u00e9 l\u00e9g\u00e8rement piquant plaira aux amateurs de cuisine mexicaine.<\/p>\n","protected":false},"excerpt":{"rendered":"<p>Fait de porc hach\u00e9 extra-maigre et d&rsquo;haricots rouges, ce p\u00e2t\u00e9 l\u00e9g\u00e8rement piquant plaira aux amateurs de cuisine mexicaine.<\/p>\n","protected":false},"featured_media":319984,"template":"","meta":{"_et_pb_use_builder":"","_et_pb_old_content":"","_et_gb_content_width":""},"product_brand":[],"product_cat":[24,25],"product_tag":[],"class_list":{"0":"post-98","1":"product","2":"type-product","3":"status-publish","4":"has-post-thumbnail","6":"product_cat-plats-cuisines","7":"product_cat-viande","9":"first","10":"instock","11":"purchasable","12":"product-type-simple"},"_links":{"self":[{"href":"https:\/\/mincavi.com\/boutique\/wp-json\/wp\/v2\/product\/98","targetHints":{"allow":["GET"]}}],"collection":[{"href":"https:\/\/mincavi.com\/boutique\/wp-json\/wp\/v2\/product"}],"about":[{"href":"https:\/\/mincavi.com\/boutique\/wp-json\/wp\/v2\/types\/product"}],"wp:featuredmedia":[{"embeddable":true,"href":"https:\/\/mincavi.com\/boutique\/wp-json\/wp\/v2\/media\/319984"}],"wp:attachment":[{"href":"https:\/\/mincavi.com\/boutique\/wp-json\/wp\/v2\/media?parent=98"}],"wp:term":[{"taxonomy":"product_brand","embeddable":true,"href":"https:\/\/mincavi.com\/boutique\/wp-json\/wp\/v2\/product_brand?post=98"},{"taxonomy":"product_cat","embeddable":true,"href":"https:\/\/mincavi.com\/boutique\/wp-json\/wp\/v2\/product_cat?post=98"},{"taxonomy":"product_tag","embeddable":true,"href":"https:\/\/mincavi.com\/boutique\/wp-json\/wp\/v2\/product_tag?post=98"}],"curies":[{"name":"wp","href":"https:\/\/api.w.org\/{rel}","templated":true}]}}