{"id":96,"date":"2025-03-05T20:31:41","date_gmt":"2025-03-05T20:31:41","guid":{"rendered":"https:\/\/mincavi.com\/?post_type=product&#038;p=96"},"modified":"2026-04-03T17:37:05","modified_gmt":"2026-04-03T17:37:05","slug":"poulet-teriyaki-avec-nouilles-asiatiques","status":"publish","type":"product","link":"https:\/\/mincavi.com\/boutique\/produit\/poulet-teriyaki-avec-nouilles-asiatiques\/","title":{"rendered":"Poulet t\u00e9riyaki avec nouilles asiatiques"},"content":{"rendered":"<p>Format : 300 g<\/p>\n<p>Succulents morceaux de poulet enrob\u00e9s d&rsquo;une sauce t\u00e9riyaki \u00e9quilibr\u00e9e, mariant subtilement des notes sucr\u00e9es et sal\u00e9es. Accompagn\u00e9 de nouilles asiatiques et de l\u00e9gumes, ce plat incarne la fusion parfaite de la cuisine asiatique.<\/p>\n","protected":false},"excerpt":{"rendered":"<p>Succulents morceaux de poulet enrob\u00e9s d&rsquo;une sauce t\u00e9riyaki \u00e9quilibr\u00e9e, mariant subtilement des notes sucr\u00e9es et sal\u00e9es. Accompagn\u00e9 de nouilles asiatiques et de l\u00e9gumes, ce plat incarne la fusion parfaite de la cuisine asiatique.<\/p>\n","protected":false},"featured_media":158,"template":"","meta":{"_et_pb_use_builder":"","_et_pb_old_content":"","_et_gb_content_width":""},"product_brand":[],"product_cat":[26,24,27],"product_tag":[],"class_list":{"0":"post-96","1":"product","2":"type-product","3":"status-publish","4":"has-post-thumbnail","6":"product_cat-liquidation","7":"product_cat-plats-cuisines","8":"product_cat-poulet","10":"first","11":"outofstock","12":"purchasable","13":"product-type-simple"},"_links":{"self":[{"href":"https:\/\/mincavi.com\/boutique\/wp-json\/wp\/v2\/product\/96","targetHints":{"allow":["GET"]}}],"collection":[{"href":"https:\/\/mincavi.com\/boutique\/wp-json\/wp\/v2\/product"}],"about":[{"href":"https:\/\/mincavi.com\/boutique\/wp-json\/wp\/v2\/types\/product"}],"wp:featuredmedia":[{"embeddable":true,"href":"https:\/\/mincavi.com\/boutique\/wp-json\/wp\/v2\/media\/158"}],"wp:attachment":[{"href":"https:\/\/mincavi.com\/boutique\/wp-json\/wp\/v2\/media?parent=96"}],"wp:term":[{"taxonomy":"product_brand","embeddable":true,"href":"https:\/\/mincavi.com\/boutique\/wp-json\/wp\/v2\/product_brand?post=96"},{"taxonomy":"product_cat","embeddable":true,"href":"https:\/\/mincavi.com\/boutique\/wp-json\/wp\/v2\/product_cat?post=96"},{"taxonomy":"product_tag","embeddable":true,"href":"https:\/\/mincavi.com\/boutique\/wp-json\/wp\/v2\/product_tag?post=96"}],"curies":[{"name":"wp","href":"https:\/\/api.w.org\/{rel}","templated":true}]}}