{"id":95,"date":"2025-03-05T20:31:41","date_gmt":"2025-03-05T20:31:41","guid":{"rendered":"https:\/\/mincavi.com\/?post_type=product&#038;p=95"},"modified":"2026-03-22T23:42:41","modified_gmt":"2026-03-22T23:42:41","slug":"tourtiere-de-boeuf-et-veau","status":"publish","type":"product","link":"https:\/\/mincavi.com\/boutique\/produit\/tourtiere-de-boeuf-et-veau\/","title":{"rendered":"Tourti\u00e8re de boeuf et veau"},"content":{"rendered":"<p>Format : 190 g<br \/>\nProduit congel\u00e9<br \/>\nLe vrai bon go\u00fbt de la tourti\u00e8re traditionnelle. Elle est faite de viandes extra-maigres et d&rsquo;une p\u00e2te sans gras trans bien feuillet\u00e9e.<\/p>\n","protected":false},"excerpt":{"rendered":"<p>Le vrai bon go\u00fbt de la tourti\u00e8re traditionnelle. Elle est faite de viandes extra-maigres et d&rsquo;une p\u00e2te sans gras trans bien feuillet\u00e9e.<\/p>\n","protected":false},"featured_media":141,"template":"","meta":{"_et_pb_use_builder":"","_et_pb_old_content":"","_et_gb_content_width":""},"product_brand":[],"product_cat":[26,24,25],"product_tag":[],"class_list":{"0":"post-95","1":"product","2":"type-product","3":"status-publish","4":"has-post-thumbnail","6":"product_cat-liquidation","7":"product_cat-plats-cuisines","8":"product_cat-viande","10":"first","11":"outofstock","12":"purchasable","13":"product-type-simple"},"_links":{"self":[{"href":"https:\/\/mincavi.com\/boutique\/wp-json\/wp\/v2\/product\/95","targetHints":{"allow":["GET"]}}],"collection":[{"href":"https:\/\/mincavi.com\/boutique\/wp-json\/wp\/v2\/product"}],"about":[{"href":"https:\/\/mincavi.com\/boutique\/wp-json\/wp\/v2\/types\/product"}],"wp:featuredmedia":[{"embeddable":true,"href":"https:\/\/mincavi.com\/boutique\/wp-json\/wp\/v2\/media\/141"}],"wp:attachment":[{"href":"https:\/\/mincavi.com\/boutique\/wp-json\/wp\/v2\/media?parent=95"}],"wp:term":[{"taxonomy":"product_brand","embeddable":true,"href":"https:\/\/mincavi.com\/boutique\/wp-json\/wp\/v2\/product_brand?post=95"},{"taxonomy":"product_cat","embeddable":true,"href":"https:\/\/mincavi.com\/boutique\/wp-json\/wp\/v2\/product_cat?post=95"},{"taxonomy":"product_tag","embeddable":true,"href":"https:\/\/mincavi.com\/boutique\/wp-json\/wp\/v2\/product_tag?post=95"}],"curies":[{"name":"wp","href":"https:\/\/api.w.org\/{rel}","templated":true}]}}