{"id":94,"date":"2025-03-05T20:31:41","date_gmt":"2025-03-05T20:31:41","guid":{"rendered":"https:\/\/mincavi.com\/?post_type=product&#038;p=94"},"modified":"2026-05-05T15:19:20","modified_gmt":"2026-05-05T15:19:20","slug":"muffin-proteine-le-matinal","status":"publish","type":"product","link":"https:\/\/mincavi.com\/boutique\/produit\/muffin-proteine-le-matinal\/","title":{"rendered":"Muffin prot\u00e9in\u00e9 Le matinal"},"content":{"rendered":"<p>Chaque muffin contient 12 g de prot\u00e9ines.\u00a0 Parfait pour le petit d\u00e9jeuner, go\u00fbt rafraichissant d&rsquo;orange et contenant un m\u00e9lange parfait de canneberges s\u00e9ch\u00e9es, de noix et graines. Un indispensable pour les matins press\u00e9s.<\/p>\n<p>Format : 75 \u00e0 80 g (la taille du muffin peut varier)<\/p>\n","protected":false},"excerpt":{"rendered":"<p>Chaque muffin contient 12 g de prot\u00e9ines.\u00a0 Parfait pour le petit d\u00e9jeuner, go\u00fbt rafraichissant d&rsquo;orange et contenant un m\u00e9lange parfait de canneberges s\u00e9ch\u00e9es, de noix et graines. Un indispensable pour les matins press\u00e9s.<\/p>\n","protected":false},"featured_media":319993,"template":"","meta":{"_et_pb_use_builder":"","_et_pb_old_content":"","_et_gb_content_width":""},"product_brand":[],"product_cat":[19,17,22],"product_tag":[],"class_list":{"0":"post-94","1":"product","2":"type-product","3":"status-publish","4":"has-post-thumbnail","6":"product_cat-dejeuner","7":"product_cat-desserts-et-collations","8":"product_cat-muffins","10":"first","11":"instock","12":"sale","13":"purchasable","14":"product-type-simple"},"_links":{"self":[{"href":"https:\/\/mincavi.com\/boutique\/wp-json\/wp\/v2\/product\/94","targetHints":{"allow":["GET"]}}],"collection":[{"href":"https:\/\/mincavi.com\/boutique\/wp-json\/wp\/v2\/product"}],"about":[{"href":"https:\/\/mincavi.com\/boutique\/wp-json\/wp\/v2\/types\/product"}],"wp:featuredmedia":[{"embeddable":true,"href":"https:\/\/mincavi.com\/boutique\/wp-json\/wp\/v2\/media\/319993"}],"wp:attachment":[{"href":"https:\/\/mincavi.com\/boutique\/wp-json\/wp\/v2\/media?parent=94"}],"wp:term":[{"taxonomy":"product_brand","embeddable":true,"href":"https:\/\/mincavi.com\/boutique\/wp-json\/wp\/v2\/product_brand?post=94"},{"taxonomy":"product_cat","embeddable":true,"href":"https:\/\/mincavi.com\/boutique\/wp-json\/wp\/v2\/product_cat?post=94"},{"taxonomy":"product_tag","embeddable":true,"href":"https:\/\/mincavi.com\/boutique\/wp-json\/wp\/v2\/product_tag?post=94"}],"curies":[{"name":"wp","href":"https:\/\/api.w.org\/{rel}","templated":true}]}}