{"id":88,"date":"2025-03-05T20:31:41","date_gmt":"2025-03-05T20:31:41","guid":{"rendered":"https:\/\/mincavi.com\/?post_type=product&#038;p=88"},"modified":"2026-05-05T17:07:04","modified_gmt":"2026-05-05T17:07:04","slug":"ptipain-cheddar-et-graines-de-tournesol","status":"publish","type":"product","link":"https:\/\/mincavi.com\/boutique\/produit\/ptipain-cheddar-et-graines-de-tournesol\/","title":{"rendered":"\u201dPtits\u201dpains prot\u00e9in\u00e9s cheddar et graines de tournesol (Pqt 6)"},"content":{"rendered":"<p>Format : Paquet de 6 x 80 g<br \/>\nAnciennement en Torsade, la m\u00eame d\u00e9licieuse recette en nouveau format \u00a0\u00bbPti\u00a0\u00bb pain.<br \/>\n13 g de prot\u00e9ines par portion !<\/p>\n<p>Petit pain fromag\u00e9 agr\u00e9ment\u00e9 de graines de tournesol.<br \/>\nTendre, d\u00e9licieux et soutenant.<\/p>\n<p>&nbsp;<\/p>\n","protected":false},"excerpt":{"rendered":"<p>Anciennement en Torsade, la m\u00eame d\u00e9licieuse recette en nouveau format \u00a0\u00bbPti\u00a0\u00bb pain.<br \/>\nPetit pain fromag\u00e9 agr\u00e9ment\u00e9 de graines de tournesol. Tendre, d\u00e9licieux et soutenant.<br \/>\n13 g de prot\u00e9ines par portion !<\/p>\n","protected":false},"featured_media":322078,"template":"","meta":{"_et_pb_use_builder":"","_et_pb_old_content":"","_et_gb_content_width":""},"product_brand":[],"product_cat":[19,21],"product_tag":[],"class_list":{"0":"post-88","1":"product","2":"type-product","3":"status-publish","4":"has-post-thumbnail","6":"product_cat-dejeuner","7":"product_cat-pain","9":"first","10":"instock","11":"sale","12":"purchasable","13":"product-type-simple"},"_links":{"self":[{"href":"https:\/\/mincavi.com\/boutique\/wp-json\/wp\/v2\/product\/88","targetHints":{"allow":["GET"]}}],"collection":[{"href":"https:\/\/mincavi.com\/boutique\/wp-json\/wp\/v2\/product"}],"about":[{"href":"https:\/\/mincavi.com\/boutique\/wp-json\/wp\/v2\/types\/product"}],"wp:featuredmedia":[{"embeddable":true,"href":"https:\/\/mincavi.com\/boutique\/wp-json\/wp\/v2\/media\/322078"}],"wp:attachment":[{"href":"https:\/\/mincavi.com\/boutique\/wp-json\/wp\/v2\/media?parent=88"}],"wp:term":[{"taxonomy":"product_brand","embeddable":true,"href":"https:\/\/mincavi.com\/boutique\/wp-json\/wp\/v2\/product_brand?post=88"},{"taxonomy":"product_cat","embeddable":true,"href":"https:\/\/mincavi.com\/boutique\/wp-json\/wp\/v2\/product_cat?post=88"},{"taxonomy":"product_tag","embeddable":true,"href":"https:\/\/mincavi.com\/boutique\/wp-json\/wp\/v2\/product_tag?post=88"}],"curies":[{"name":"wp","href":"https:\/\/api.w.org\/{rel}","templated":true}]}}