{"id":84,"date":"2025-03-05T20:31:41","date_gmt":"2025-03-05T20:31:41","guid":{"rendered":"https:\/\/mincavi.com\/?post_type=product&#038;p=84"},"modified":"2026-04-27T17:33:20","modified_gmt":"2026-04-27T17:33:20","slug":"pains-au-citron-et-pavot","status":"publish","type":"product","link":"https:\/\/mincavi.com\/boutique\/produit\/pains-au-citron-et-pavot\/","title":{"rendered":"Pain au citron et pavot"},"content":{"rendered":"<p>Format : 60 g<\/p>\n<p>Cette saveur douce de citron pigment\u00e9e de graines de pavot vous enchantera \u00e0 l&rsquo;heure de la collation. Tendre et d\u00e9licieux, laissez-vous tenter par ce produit bien \u00e9quilibr\u00e9 fondant en bouche.<\/p>\n","protected":false},"excerpt":{"rendered":"<p>Cette saveur douce de citron pigment\u00e9e de graines de pavot vous enchantera \u00e0 l&rsquo;heure de la collation. Tendre et d\u00e9licieux, laissez-vous tenter par ce produit bien \u00e9quilibr\u00e9 fondant en bouche.<\/p>\n","protected":false},"featured_media":119,"template":"","meta":{"_et_pb_use_builder":"","_et_pb_old_content":"","_et_gb_content_width":""},"product_brand":[],"product_cat":[17,18],"product_tag":[],"class_list":{"0":"post-84","1":"product","2":"type-product","3":"status-publish","4":"has-post-thumbnail","6":"product_cat-desserts-et-collations","7":"product_cat-petites-douceurs","9":"first","10":"outofstock","11":"purchasable","12":"product-type-simple"},"_links":{"self":[{"href":"https:\/\/mincavi.com\/boutique\/wp-json\/wp\/v2\/product\/84","targetHints":{"allow":["GET"]}}],"collection":[{"href":"https:\/\/mincavi.com\/boutique\/wp-json\/wp\/v2\/product"}],"about":[{"href":"https:\/\/mincavi.com\/boutique\/wp-json\/wp\/v2\/types\/product"}],"wp:featuredmedia":[{"embeddable":true,"href":"https:\/\/mincavi.com\/boutique\/wp-json\/wp\/v2\/media\/119"}],"wp:attachment":[{"href":"https:\/\/mincavi.com\/boutique\/wp-json\/wp\/v2\/media?parent=84"}],"wp:term":[{"taxonomy":"product_brand","embeddable":true,"href":"https:\/\/mincavi.com\/boutique\/wp-json\/wp\/v2\/product_brand?post=84"},{"taxonomy":"product_cat","embeddable":true,"href":"https:\/\/mincavi.com\/boutique\/wp-json\/wp\/v2\/product_cat?post=84"},{"taxonomy":"product_tag","embeddable":true,"href":"https:\/\/mincavi.com\/boutique\/wp-json\/wp\/v2\/product_tag?post=84"}],"curies":[{"name":"wp","href":"https:\/\/api.w.org\/{rel}","templated":true}]}}