{"id":83,"date":"2025-03-05T20:31:41","date_gmt":"2025-03-05T20:31:41","guid":{"rendered":"https:\/\/mincavi.com\/?post_type=product&#038;p=83"},"modified":"2026-05-05T17:07:04","modified_gmt":"2026-05-05T17:07:04","slug":"pti-pain-brioche-cannelle-et-raisins","status":"publish","type":"product","link":"https:\/\/mincavi.com\/boutique\/produit\/pti-pain-brioche-cannelle-et-raisins\/","title":{"rendered":"\u00a0\u00bbPtits\u00a0\u00bb Pains brioch\u00e9s prot\u00e9in\u00e9s cannelle et raisins (Pqt 6)"},"content":{"rendered":"<p>Nouveau Format : paquet de 6 x 80 g<br \/>\nM\u00eame excellente recette que le format de Brioche.<br \/>\n14 g de prot\u00e9ines par portion!<\/p>\n<p>Petit pain \u00e0 la cannelle contenant une prot\u00e9ine pour faciliter les d\u00e9jeuners press\u00e9s.<br \/>\nSucr\u00e9e \u00e0 souhait par la pr\u00e9sence de raisins secs.\u00a0 Qui aurait dit qu&rsquo;un petit pain chaud sant\u00e9 pouvait \u00eatre si succulente.<\/p>\n","protected":false},"excerpt":{"rendered":"<p>Petit pain \u00e0 la cannelle contenant une prot\u00e9ine pour faciliter les d\u00e9jeuners press\u00e9s.<br \/>\nSucr\u00e9e \u00e0 souhait par la pr\u00e9sence de raisins secs.\u00a0 Qui aurait dit qu&rsquo;un petit pain chaud sant\u00e9 pouvait \u00eatre si succulente.<br \/>\n14 g de prot\u00e9ines par portion!<\/p>\n","protected":false},"featured_media":322079,"template":"","meta":{"_et_pb_use_builder":"","_et_pb_old_content":"","_et_gb_content_width":""},"product_brand":[],"product_cat":[20,19,21],"product_tag":[],"class_list":{"0":"post-83","1":"product","2":"type-product","3":"status-publish","4":"has-post-thumbnail","6":"product_cat-brioche","7":"product_cat-dejeuner","8":"product_cat-pain","10":"first","11":"instock","12":"sale","13":"purchasable","14":"product-type-simple"},"_links":{"self":[{"href":"https:\/\/mincavi.com\/boutique\/wp-json\/wp\/v2\/product\/83","targetHints":{"allow":["GET"]}}],"collection":[{"href":"https:\/\/mincavi.com\/boutique\/wp-json\/wp\/v2\/product"}],"about":[{"href":"https:\/\/mincavi.com\/boutique\/wp-json\/wp\/v2\/types\/product"}],"wp:featuredmedia":[{"embeddable":true,"href":"https:\/\/mincavi.com\/boutique\/wp-json\/wp\/v2\/media\/322079"}],"wp:attachment":[{"href":"https:\/\/mincavi.com\/boutique\/wp-json\/wp\/v2\/media?parent=83"}],"wp:term":[{"taxonomy":"product_brand","embeddable":true,"href":"https:\/\/mincavi.com\/boutique\/wp-json\/wp\/v2\/product_brand?post=83"},{"taxonomy":"product_cat","embeddable":true,"href":"https:\/\/mincavi.com\/boutique\/wp-json\/wp\/v2\/product_cat?post=83"},{"taxonomy":"product_tag","embeddable":true,"href":"https:\/\/mincavi.com\/boutique\/wp-json\/wp\/v2\/product_tag?post=83"}],"curies":[{"name":"wp","href":"https:\/\/api.w.org\/{rel}","templated":true}]}}