{"id":82,"date":"2025-03-05T20:31:41","date_gmt":"2025-03-05T20:31:41","guid":{"rendered":"https:\/\/mincavi.com\/?post_type=product&#038;p=82"},"modified":"2026-05-05T15:19:20","modified_gmt":"2026-05-05T15:19:20","slug":"carres-aux-dattes","status":"publish","type":"product","link":"https:\/\/mincavi.com\/boutique\/produit\/carres-aux-dattes\/","title":{"rendered":"Carr\u00e9 aux dattes"},"content":{"rendered":"<p>Format : 80 g<\/p>\n<p>Tir\u00e9 d&rsquo;une des plus populaires recettes de Min\u00e7avi, ce carr\u00e9 aux dattes est tout simplement irr\u00e9sistible.<br \/>\nUn vrai petit p\u00e9ch\u00e9&#8230;sant\u00e9 !<\/p>\n","protected":false},"excerpt":{"rendered":"<p>Tir\u00e9 d&rsquo;une des plus populaires recettes de Min\u00e7avi, ce carr\u00e9 aux dattes est tout simplement irr\u00e9sistible.<br \/>\nUn vrai petit p\u00e9ch\u00e9&#8230;sant\u00e9 !<\/p>\n","protected":false},"featured_media":319989,"template":"","meta":{"_et_pb_use_builder":"","_et_pb_old_content":"","_et_gb_content_width":""},"product_brand":[],"product_cat":[17,18],"product_tag":[],"class_list":{"0":"post-82","1":"product","2":"type-product","3":"status-publish","4":"has-post-thumbnail","6":"product_cat-desserts-et-collations","7":"product_cat-petites-douceurs","9":"first","10":"instock","11":"sale","12":"purchasable","13":"product-type-simple"},"_links":{"self":[{"href":"https:\/\/mincavi.com\/boutique\/wp-json\/wp\/v2\/product\/82","targetHints":{"allow":["GET"]}}],"collection":[{"href":"https:\/\/mincavi.com\/boutique\/wp-json\/wp\/v2\/product"}],"about":[{"href":"https:\/\/mincavi.com\/boutique\/wp-json\/wp\/v2\/types\/product"}],"wp:featuredmedia":[{"embeddable":true,"href":"https:\/\/mincavi.com\/boutique\/wp-json\/wp\/v2\/media\/319989"}],"wp:attachment":[{"href":"https:\/\/mincavi.com\/boutique\/wp-json\/wp\/v2\/media?parent=82"}],"wp:term":[{"taxonomy":"product_brand","embeddable":true,"href":"https:\/\/mincavi.com\/boutique\/wp-json\/wp\/v2\/product_brand?post=82"},{"taxonomy":"product_cat","embeddable":true,"href":"https:\/\/mincavi.com\/boutique\/wp-json\/wp\/v2\/product_cat?post=82"},{"taxonomy":"product_tag","embeddable":true,"href":"https:\/\/mincavi.com\/boutique\/wp-json\/wp\/v2\/product_tag?post=82"}],"curies":[{"name":"wp","href":"https:\/\/api.w.org\/{rel}","templated":true}]}}