{"id":388,"date":"2025-03-05T20:36:07","date_gmt":"2025-03-05T20:36:07","guid":{"rendered":"https:\/\/mincavi.com\/?post_type=product&#038;p=388"},"modified":"2026-04-16T18:56:15","modified_gmt":"2026-04-16T18:56:15","slug":"camp-de-jour-mincavi-trois-riviere-2026","status":"publish","type":"product","link":"https:\/\/mincavi.com\/boutique\/produit\/camp-de-jour-mincavi-trois-riviere-2026\/","title":{"rendered":"Camp de jour Min\u00e7avi &#8211; Trois-Rivi\u00e8res 18 avril 2026"},"content":{"rendered":"<p>Camp de jour Min\u00e7avi est un grand rassemblement pour se motiver, s&rsquo;instruire sur le programme et les d\u00e9fis de la perte de poids. Venez vous motiver en groupe avec des coachs et des gens qui vivent la m\u00eame r\u00e9alit\u00e9 que vous. Une journ\u00e9e pour booster sa motivation ou bien d\u00e9buter un processus sant\u00e9, dans le plaisir et l&rsquo;\u00e9nergie de groupe.<\/p>\n<p>Camp de jour Min\u00e7avi \u27a1\ufe0f Samedi 18 avril 2026<br \/>\n<strong>\u00c0 Plein Air Ville-Joie de Trois-Rivi\u00e8res<br \/>\n<\/strong>11 441, rue Notre Dame Ouest | Trois-Rivi\u00e8res | Quebec | G9B 6W5 <a href=\"https:\/\/maps.app.goo.gl\/ekBydWpKfrysFVVF6\">(Voir sur Google map)<\/a><\/p>\n<p><strong>Vous aurez acc\u00e8s :<\/strong><\/p>\n<ul>\n<li>\u00e0 l\u2019\u00e9v\u00e8nement, au partage entre membres et Coachs Min\u00e7avi.<\/li>\n<li>aux conf\u00e9rences de motivation.<\/li>\n<li>aux ateliers et \u00e0 la journ\u00e9e avec les Coachs Min\u00e7avi.<\/li>\n<li>\u00e0 l&rsquo;achat de tout les outils membres et produits Min\u00e7avi et Bravodeli disponibles sur place.<br \/>\nLes payements en argent, interac et cr\u00e9dit sont accept\u00e9s.<\/li>\n<\/ul>\n<p><strong>\u23f0<\/strong><strong> Horaire de la journ\u00e9e<br \/>\n<\/strong><strong>9h<\/strong> &#8211; Arriv\u00e9e des participants<br \/>\nMot de Bienvenue et conf\u00e9rence sur le domaine de la perte de poids avec Benoit Gauthier.<br \/>\nConf\u00e9rence de Motivation avec S\u00e9bastien Laurence<br \/>\n<strong>12h<\/strong> &#8211; Pause Diner 1h. <strong>(Diner non inclus, apportez votre lunch, tables, chaises disponibles)<br \/>\n<\/strong>Exercice avec Jos\u00e9e et les Coachs Min\u00e7avi!<br \/>\nT\u00e9moignages et conf\u00e9rence sp\u00e9cial.<br \/>\nMise en situation, mise en sc\u00e8ne avec Manon Roy, Dominique Legault et les coachs Min\u00e7avi.<br \/>\n<strong>16h<\/strong> &#8211; Fin de l&rsquo;\u00e9v\u00e9nement et d\u00e9part des participants<\/p>\n<p>R\u00c9SERVE TA PLACE D\u00c8S MAINTENANT !<br \/>\nSi vous acheter plus qu&rsquo;une place \u00e0 l&rsquo;\u00e9v\u00e8nement, La personne qui fait l&rsquo;achat de ce produit doit \u00eatre presente avec les autres participants qui compl\u00e8te les places reserv\u00e9es.<br \/>\n<strong>*Les frais de ce produit ne sont pas inclus dans le calcule de la livraison gratuite pour les commandes de 100$ et plus.\u00a0<\/strong><\/p>\n<p><strong>Foire aux questions :\u00a0<\/strong><br \/>\nQ: Est-ce qu&rsquo;il y a des frais d&rsquo;inscription ?<br \/>\nNon, aucuns frais suppl\u00e9mentaires ne vous seront charg\u00e9s.<\/p>\n<p>Q: Est-ce que je peux juste aller acheter des produits sur place sans acheter l&rsquo;\u00e9v\u00e9nement ?<br \/>\nOui, un kiosque avec les produits de livres de recettes et objets promotionnels de Min\u00e7avi est accessible sur place.<\/p>\n<p>Q: Suis-je oblig\u00e9 d&rsquo;avoir un abonnement pour participer \u00e0 l&rsquo;\u00e9v\u00e8nement?<br \/>\nNon, l&rsquo;abonnement est un service Min\u00e7avi totalement diff\u00e9rent et disponible en tout temps.<\/p>\n<p>Q: Est-ce que je peux acheter l&rsquo;\u00e9v\u00e9nement sur place?<br \/>\nOui, mais il se peut que l&rsquo;\u00e9v\u00e8nement soit complet d&rsquo;ici le 18 avril. Si tel est le cas, nous afficherons \u00a0\u00bbcomplet\u00a0\u00bb sur nos publications et produits d&rsquo;achat de l&rsquo;\u00e9v\u00e9nement.<\/p>\n<p>Q: Quels sont les modes de paiement accept\u00e9s?<br \/>\nNous ne prenons que les cartes de cr\u00e9dit pour l&rsquo;achat de tous nos produits boutique. Durant l&rsquo;\u00e9v\u00e8nement les modes de paiement en argent, d\u00e9bit et cr\u00e9dit seront accept\u00e9s.<\/p>\n<p>Q: Si je suis membre \u00e0 vie ou ambassadrice, puis-je participer ou venir me faire peser gratuitement.<br \/>\nNon, toutes personnes voulant participer ou obtenir les services sur place devront acheter un acc\u00e8s \u00e0 l&rsquo;\u00e9v\u00e9nement.<\/p>\n<p>Q. Puis-je acheter un acc\u00e8s \u00e0 l&rsquo;\u00e9v\u00e8nement pour quelqu&rsquo;un d&rsquo;autre.<br \/>\nOui, pour nous permettre d\u2019avoir le nom de tous les participants, la personne qui fait l&rsquo;achat de ce produit doit \u00eatre pr\u00e9sente lors de l&rsquo;arriv\u00e9e avec les autres participants qui compl\u00e8tent les places r\u00e9serv\u00e9es.<\/p>\n","protected":false},"excerpt":{"rendered":"<p>Camp de jour Min\u00e7avi est un grand rassemblement pour se motiver, s&rsquo;instruire sur le programme et les d\u00e9fis de la perte de poids. Venez vous motiver en groupe avec des coachs et des gens qui vivent la m\u00eame r\u00e9alit\u00e9 que vous. Une journ\u00e9e pour booster sa motivation ou bien d\u00e9buter un processus sant\u00e9, dans le [&hellip;]<\/p>\n","protected":false},"featured_media":321167,"template":"","meta":{"_et_pb_use_builder":"off","_et_pb_old_content":"Pr\u00e9sentiel Min\u00e7avi Drummondville\r\n\r\n\u27a1\ufe0f Samedi 18 avril 2026\r\n\r\n<strong>Best Western H\u00f4tel Universel Drummondville\r\n<\/strong>11 441, rue Notre Dame Ouest | Trois-Rivi\u00e8res | Quebec | G9B 6W5\r\n<a href=\"https:\/\/goo.gl\/maps\/kHnoD9KceyB8GKzA7\">(Voir sur Google map)<\/a>\r\n\r\n<strong>Vous aurez acc\u00e8s :<\/strong>\r\n<ul>\r\n \t<li>\u00e0 l\u2019\u00e9v\u00e9nement, au partage entre membres et Coachs Min\u00e7avi.<\/li>\r\n \t<li>aux conf\u00e9rences de motivation.<\/li>\r\n \t<li>aux entrainements avec l'entraineure Jos\u00e9e Leblond et Tim Bracken.<\/li>\r\n \t<li>aux ateliers et \u00e0 la journ\u00e9e avec les Coachs Min\u00e7avi.<\/li>\r\n \t<li>\u00e0 l'achat de tout les outils membres et produits Min\u00e7avi et Bravodeli disponibles sur place.<\/li>\r\n<\/ul>\r\n<strong>\u23f0<\/strong><strong> Horaire de la journ\u00e9e \u00e0 venir !\r\n<\/strong><em>Plus de d\u00e9tails sur le d\u00e9roulement de la journ\u00e9e sont \u00e0 venir.<\/em><strong>\r\n<\/strong>\r\n\r\n<strong>9h<\/strong> - Arriv\u00e9e des participants\r\n<strong>9h \u00e0 9h30<\/strong> - Temps libre partage entre coachs et membres Min\u00e7avi.\r\n<strong>9h 30 \u00e0 12h<\/strong> - Conf\u00e9rences, ateliers et Motivation.\r\n<strong>12h<\/strong> - Pause Diner\r\nDiner non inclus, apportez votre lunch, tables, chaises seront disponilbe dans la salle pour un diner boite \u00e0 lunch collectif.\r\n<strong>13h00<\/strong>\u00a0- On bouge avec Jos\u00e9e et Tim. (grande marche active en nature dans le decorum magnifique de l'endroit)\r\n<strong>14h30<\/strong> - Conf\u00e9rences Motivation sp\u00e9cial\r\n<strong>16h<\/strong> - Fin de l'\u00e9v\u00e9nement et d\u00e9part des participants\r\n\r\nR\u00c9SERVE TA PLACE D\u00c8S MAINTENANT !\r\nSi vous acheter plus qu'une place \u00e0 l'evenement, La personne qui fait l'achat de ce produit doit \u00eatre presente avec les autres participants qui comple les places reserv\u00e9s.\r\n\r\n<strong>Foire aux questions :\u00a0<\/strong>\r\nQ: Est-ce qu'il y a des frais d'inscription ?\r\nNon, aucuns frais suppl\u00e9mentaires ne vous seront charg\u00e9s.\r\n\r\nQ: Est-ce que je peux juste aller acheter des produits sur place sans acheter l'\u00e9v\u00e9nement ?\r\nOui, un kiosque avec les produits de livres de recettes et objets promotionnels de Min\u00e7avi est accessible sur place.\r\n\r\nQ: Suis-je oblig\u00e9 d'avoir un abonnement pour participer \u00e0 l'\u00e9v\u00e9nement?\r\nNon, l'abonnement est un service Min\u00e7avi totalement diff\u00e9rent et disponible en tout temps.\r\n\r\nQ: Est-ce que je peux acheter l'\u00e9v\u00e9nement sur place?\r\nOui, mais il se peut que l'\u00e9v\u00e9nement soit complet d'ici le 22 mars. Si tel est le cas, nous afficherons ''complet'' sur nos publications et produits d'achat de l'\u00e9v\u00e9nement.\r\n\r\nQ: Quels sont les modes de paiement accept\u00e9s?\r\nNous ne prenons que les cartes de cr\u00e9dit pour l'achat de tous nos produits boutique. Durant l'\u00e9v\u00e9nement les modes de paiement en argent, d\u00e9bit et cr\u00e9dit seront accept\u00e9s.\r\n\r\nQ: Si je suis membre \u00e0 vie ou ambassadrice, puis-je participer ou venir me faire peser gratuitement.\r\nNon, toutes personnes voulant participer ou obtenir les services sur place devront acheter un acc\u00e8s \u00e0 l'\u00e9v\u00e9nement.\r\n\r\nQ. Puis-je acheter un acc\u00e8s \u00e0 l'\u00e9v\u00e9nement pour quelqu'un d'autre.\r\nNon, pour nous permettre d\u2019avoir le nom de tous les participants. Il est possible d\u2019acheter ce produit une seule fois par client.","_et_gb_content_width":""},"product_brand":[],"product_cat":[36,37],"product_tag":[70],"class_list":{"0":"post-388","1":"product","2":"type-product","3":"status-publish","4":"has-post-thumbnail","6":"product_cat-evenements-mincavi","7":"product_cat-presentiel","8":"product_tag-evenements","10":"first","11":"instock","12":"virtual","13":"taxable","14":"purchasable","15":"product-type-simple"},"_links":{"self":[{"href":"https:\/\/mincavi.com\/boutique\/wp-json\/wp\/v2\/product\/388","targetHints":{"allow":["GET"]}}],"collection":[{"href":"https:\/\/mincavi.com\/boutique\/wp-json\/wp\/v2\/product"}],"about":[{"href":"https:\/\/mincavi.com\/boutique\/wp-json\/wp\/v2\/types\/product"}],"wp:featuredmedia":[{"embeddable":true,"href":"https:\/\/mincavi.com\/boutique\/wp-json\/wp\/v2\/media\/321167"}],"wp:attachment":[{"href":"https:\/\/mincavi.com\/boutique\/wp-json\/wp\/v2\/media?parent=388"}],"wp:term":[{"taxonomy":"product_brand","embeddable":true,"href":"https:\/\/mincavi.com\/boutique\/wp-json\/wp\/v2\/product_brand?post=388"},{"taxonomy":"product_cat","embeddable":true,"href":"https:\/\/mincavi.com\/boutique\/wp-json\/wp\/v2\/product_cat?post=388"},{"taxonomy":"product_tag","embeddable":true,"href":"https:\/\/mincavi.com\/boutique\/wp-json\/wp\/v2\/product_tag?post=388"}],"curies":[{"name":"wp","href":"https:\/\/api.w.org\/{rel}","templated":true}]}}