{"id":345,"date":"2025-03-05T20:35:18","date_gmt":"2025-03-05T20:35:18","guid":{"rendered":"https:\/\/mincavi.com\/?post_type=product&#038;p=345"},"modified":"2025-12-30T16:18:52","modified_gmt":"2025-12-30T16:18:52","slug":"bracelet-mauve","status":"publish","type":"product","link":"https:\/\/mincavi.com\/boutique\/produit\/bracelet-mauve\/","title":{"rendered":"Bracelet Mauve"},"content":{"rendered":"<p>Ancrage Min\u00e7avi, assorti \u00e0 vos v\u00eatements\u00a0<span class=\"c-emoji c-emoji__medium c-emoji--inline\" data-qa=\"emoji\" data-sk=\"tooltip_parent\"><img decoding=\"async\" src=\"https:\/\/a.slack-edge.com\/production-standard-emoji-assets\/14.0\/google-medium\/1f642.png\" alt=\":visage_l\u00e9g\u00e8rement_souriant:\" aria-label=\"\u00c9moji visage l\u00e9g\u00e8rement souriant\" data-stringify-type=\"emoji\" data-stringify-emoji=\":slightly_smiling_face:\" \/><\/span><br \/>\nVous avez manqu\u00e9 l&rsquo;un des \u00e9v\u00e9nements d&rsquo;automne 2022 ?<br \/>\n<span class=\"c-emoji c-emoji__medium c-emoji--inline\" data-qa=\"emoji\" data-sk=\"tooltip_parent\"><img decoding=\"async\" src=\"https:\/\/a.slack-edge.com\/production-standard-emoji-assets\/14.0\/google-medium\/1f449.png\" alt=\":index_vers_la_droite:\" aria-label=\"\u00c9moji index vers la droite\" data-stringify-type=\"emoji\" data-stringify-emoji=\":point_right:\" \/><\/span>\u00a0Procurez-vous votre bracelet Min\u00e7avi.<br \/>\nRouge = Original<br \/>\nBleu &#8211; Sainte-Julie<br \/>\nVert &#8211; L\u00e9vis<br \/>\nMauve &#8211; Blainville<br \/>\nRose &#8211; Trois-Rivi\u00e8res<\/p>\n<p>Prix \u00e0 l&rsquo;unit\u00e9 : 2,99$<\/p>\n","protected":false},"excerpt":{"rendered":"<p>Ancrage Min\u00e7avi, assorti \u00e0 vos v\u00eatements\u00a0 Vous avez manqu\u00e9 l&rsquo;un des \u00e9v\u00e9nements d&rsquo;automne 2022 ? \u00a0Procurez-vous votre bracelet Min\u00e7avi. Rouge = Original Bleu &#8211; Sainte-Julie Vert &#8211; L\u00e9vis Mauve &#8211; Blainville Rose &#8211; Trois-Rivi\u00e8res Prix \u00e0 l&rsquo;unit\u00e9 : 2,99$<\/p>\n","protected":false},"featured_media":374,"template":"","meta":{"_et_pb_use_builder":"","_et_pb_old_content":"","_et_gb_content_width":""},"product_brand":[],"product_cat":[39,32,33,40,46],"product_tag":[],"class_list":{"0":"post-345","1":"product","2":"type-product","3":"status-publish","4":"has-post-thumbnail","6":"product_cat-accesoires","7":"product_cat-autres","8":"product_cat-livres","9":"product_cat-outils-mincavi","10":"product_cat-vetements","12":"first","13":"instock","14":"sale","15":"taxable","16":"shipping-taxable","17":"purchasable","18":"product-type-simple"},"_links":{"self":[{"href":"https:\/\/mincavi.com\/boutique\/wp-json\/wp\/v2\/product\/345","targetHints":{"allow":["GET"]}}],"collection":[{"href":"https:\/\/mincavi.com\/boutique\/wp-json\/wp\/v2\/product"}],"about":[{"href":"https:\/\/mincavi.com\/boutique\/wp-json\/wp\/v2\/types\/product"}],"wp:featuredmedia":[{"embeddable":true,"href":"https:\/\/mincavi.com\/boutique\/wp-json\/wp\/v2\/media\/374"}],"wp:attachment":[{"href":"https:\/\/mincavi.com\/boutique\/wp-json\/wp\/v2\/media?parent=345"}],"wp:term":[{"taxonomy":"product_brand","embeddable":true,"href":"https:\/\/mincavi.com\/boutique\/wp-json\/wp\/v2\/product_brand?post=345"},{"taxonomy":"product_cat","embeddable":true,"href":"https:\/\/mincavi.com\/boutique\/wp-json\/wp\/v2\/product_cat?post=345"},{"taxonomy":"product_tag","embeddable":true,"href":"https:\/\/mincavi.com\/boutique\/wp-json\/wp\/v2\/product_tag?post=345"}],"curies":[{"name":"wp","href":"https:\/\/api.w.org\/{rel}","templated":true}]}}