{"id":339,"date":"2025-03-05T20:35:18","date_gmt":"2025-03-05T20:35:18","guid":{"rendered":"https:\/\/mincavi.com\/?post_type=product&#038;p=339"},"modified":"2026-05-05T15:19:20","modified_gmt":"2026-05-05T15:19:20","slug":"tofu-general-tao-avec-riz-vegane","status":"publish","type":"product","link":"https:\/\/mincavi.com\/boutique\/produit\/tofu-general-tao-avec-riz-vegane\/","title":{"rendered":"Tofu G\u00e9n\u00e9ral Tao avec riz v\u00e9gane"},"content":{"rendered":"<p>Format : 300 g<\/p>\n<p>Voici une interpr\u00e9tation v\u00e9gane d&rsquo;un classique.\u00a0 Le tofu G\u00e9n\u00e9ral Tao.\u00a0 Des cubes de tofu tendres sont enrob\u00e9s d&rsquo;une sauce aigre-douce et l\u00e9g\u00e8rement \u00e9pic\u00e9e accompagn\u00e9e de riz, cr\u00e9ant un \u00e9quilibre parfait entre la douceur et le piquant.<br \/>\n(La salade en accompagnement n&rsquo;est pas comprise).<\/p>\n","protected":false},"excerpt":{"rendered":"<p>Format : 300 g Voici une interpr\u00e9tation v\u00e9gane d&rsquo;un classique.\u00a0 Le tofu G\u00e9n\u00e9ral Tao.\u00a0 Des cubes de tofu tendres sont enrob\u00e9s d&rsquo;une sauce aigre-douce et l\u00e9g\u00e8rement \u00e9pic\u00e9e accompagn\u00e9e de riz, cr\u00e9ant un \u00e9quilibre parfait entre la douceur et le piquant. (La salade en accompagnement n&rsquo;est pas comprise).<\/p>\n","protected":false},"featured_media":371,"template":"","meta":{"_et_pb_use_builder":"","_et_pb_old_content":"","_et_gb_content_width":""},"product_brand":[],"product_cat":[26,24,30,28],"product_tag":[],"class_list":{"0":"post-339","1":"product","2":"type-product","3":"status-publish","4":"has-post-thumbnail","6":"product_cat-liquidation","7":"product_cat-plats-cuisines","8":"product_cat-vegane","9":"product_cat-vegetarien","11":"first","12":"instock","13":"sale","14":"purchasable","15":"product-type-simple"},"_links":{"self":[{"href":"https:\/\/mincavi.com\/boutique\/wp-json\/wp\/v2\/product\/339","targetHints":{"allow":["GET"]}}],"collection":[{"href":"https:\/\/mincavi.com\/boutique\/wp-json\/wp\/v2\/product"}],"about":[{"href":"https:\/\/mincavi.com\/boutique\/wp-json\/wp\/v2\/types\/product"}],"wp:featuredmedia":[{"embeddable":true,"href":"https:\/\/mincavi.com\/boutique\/wp-json\/wp\/v2\/media\/371"}],"wp:attachment":[{"href":"https:\/\/mincavi.com\/boutique\/wp-json\/wp\/v2\/media?parent=339"}],"wp:term":[{"taxonomy":"product_brand","embeddable":true,"href":"https:\/\/mincavi.com\/boutique\/wp-json\/wp\/v2\/product_brand?post=339"},{"taxonomy":"product_cat","embeddable":true,"href":"https:\/\/mincavi.com\/boutique\/wp-json\/wp\/v2\/product_cat?post=339"},{"taxonomy":"product_tag","embeddable":true,"href":"https:\/\/mincavi.com\/boutique\/wp-json\/wp\/v2\/product_tag?post=339"}],"curies":[{"name":"wp","href":"https:\/\/api.w.org\/{rel}","templated":true}]}}