{"id":323,"date":"2025-03-05T20:35:17","date_gmt":"2025-03-05T20:35:17","guid":{"rendered":"https:\/\/mincavi.com\/?post_type=product&#038;p=323"},"modified":"2026-04-29T13:28:15","modified_gmt":"2026-04-29T13:28:15","slug":"manicottis-au-tofu-et-epinards-veganes","status":"publish","type":"product","link":"https:\/\/mincavi.com\/boutique\/produit\/manicottis-au-tofu-et-epinards-veganes\/","title":{"rendered":"Manicottis au tofu et \u00e9pinards v\u00e9ganes"},"content":{"rendered":"<p>Format : 275 g<br \/>\nProduit 100% v\u00e9gane.<\/p>\n<p>De tendres tubes de p\u00e2tes sont farcis d&rsquo;un m\u00e9lange soyeux de tofu, d&rsquo;\u00e9pinards et d&rsquo;assaisonnements aromatiques. Chaque bouch\u00e9e d\u00e9voile une fusion de textures cr\u00e9ant une exp\u00e9rience de go\u00fbt et de saveur.<\/p>\n","protected":false},"excerpt":{"rendered":"<p>Produit 100% v\u00e9gane.<br \/>\nDe tendres tubes de p\u00e2tes sont farcis d&rsquo;un m\u00e9lange soyeux de tofu, d&rsquo;\u00e9pinards et d&rsquo;assaisonnements aromatiques. Chaque bouch\u00e9e d\u00e9voile une fusion de textures cr\u00e9ant une exp\u00e9rience de go\u00fbt et de saveur.<\/p>\n","protected":false},"featured_media":353,"template":"","meta":{"_et_pb_use_builder":"","_et_pb_old_content":"","_et_gb_content_width":""},"product_brand":[],"product_cat":[29,24,30,28],"product_tag":[],"class_list":{"0":"post-323","1":"product","2":"type-product","3":"status-publish","4":"has-post-thumbnail","6":"product_cat-pates","7":"product_cat-plats-cuisines","8":"product_cat-vegane","9":"product_cat-vegetarien","11":"first","12":"outofstock","13":"purchasable","14":"product-type-simple"},"_links":{"self":[{"href":"https:\/\/mincavi.com\/boutique\/wp-json\/wp\/v2\/product\/323","targetHints":{"allow":["GET"]}}],"collection":[{"href":"https:\/\/mincavi.com\/boutique\/wp-json\/wp\/v2\/product"}],"about":[{"href":"https:\/\/mincavi.com\/boutique\/wp-json\/wp\/v2\/types\/product"}],"wp:featuredmedia":[{"embeddable":true,"href":"https:\/\/mincavi.com\/boutique\/wp-json\/wp\/v2\/media\/353"}],"wp:attachment":[{"href":"https:\/\/mincavi.com\/boutique\/wp-json\/wp\/v2\/media?parent=323"}],"wp:term":[{"taxonomy":"product_brand","embeddable":true,"href":"https:\/\/mincavi.com\/boutique\/wp-json\/wp\/v2\/product_brand?post=323"},{"taxonomy":"product_cat","embeddable":true,"href":"https:\/\/mincavi.com\/boutique\/wp-json\/wp\/v2\/product_cat?post=323"},{"taxonomy":"product_tag","embeddable":true,"href":"https:\/\/mincavi.com\/boutique\/wp-json\/wp\/v2\/product_tag?post=323"}],"curies":[{"name":"wp","href":"https:\/\/api.w.org\/{rel}","templated":true}]}}