{"id":322147,"date":"2026-04-21T14:47:11","date_gmt":"2026-04-21T14:47:11","guid":{"rendered":"https:\/\/mincavi.com\/boutique\/?post_type=product&#038;p=322147"},"modified":"2026-04-21T14:50:23","modified_gmt":"2026-04-21T14:50:23","slug":"dvd-mincavi-fit","status":"publish","type":"product","link":"https:\/\/mincavi.com\/boutique\/produit\/dvd-mincavi-fit\/","title":{"rendered":"DVD Min\u00e7avi FIT"},"content":{"rendered":"<p>Vous l\u2019avez demand\u00e9\u2026 le voici de nouveau : Cardio Tonus <img decoding=\"async\" src=\"https:\/\/a.slack-edge.com\/production-standard-emoji-assets\/15.0\/google-medium\/1f4a5.png\" alt=\":boum:\" aria-label=\"\u00c9moji boum\" data-stringify-emoji=\":boom:\" \/><br aria-hidden=\"true\" \/>Envie de bouger \u00e0 ton rythme, dans le confort de la maison, tout en travaillant ton cardio et ton tonus musculaire ? Ce DVD est parfait pour toi ! Que tu sois d\u00e9butante ou d\u00e9j\u00e0 active, tu peux adapter les exercices selon ton niveau et progresser \u00e0 ton propre rythme.<\/p>\n","protected":false},"excerpt":{"rendered":"<p>Vous l\u2019avez demand\u00e9\u2026 le voici de nouveau : Cardio Tonus Envie de bouger \u00e0 ton rythme, dans le confort de la maison, tout en travaillant ton cardio et ton tonus musculaire ? Ce DVD est parfait pour toi ! Que tu sois d\u00e9butante ou d\u00e9j\u00e0 active, tu peux adapter les exercices selon ton niveau et [&hellip;]<\/p>\n","protected":false},"featured_media":322149,"template":"","meta":{"_et_pb_use_builder":"","_et_pb_old_content":"","_et_gb_content_width":""},"product_brand":[],"product_cat":[39,33,35],"product_tag":[44],"class_list":{"0":"post-322147","1":"product","2":"type-product","3":"status-publish","4":"has-post-thumbnail","6":"product_cat-accesoires","7":"product_cat-livres","8":"product_cat-sec","9":"product_tag-rabais-premium-1","11":"first","12":"instock","13":"sale","14":"taxable","15":"shipping-taxable","16":"purchasable","17":"product-type-simple"},"_links":{"self":[{"href":"https:\/\/mincavi.com\/boutique\/wp-json\/wp\/v2\/product\/322147","targetHints":{"allow":["GET"]}}],"collection":[{"href":"https:\/\/mincavi.com\/boutique\/wp-json\/wp\/v2\/product"}],"about":[{"href":"https:\/\/mincavi.com\/boutique\/wp-json\/wp\/v2\/types\/product"}],"wp:featuredmedia":[{"embeddable":true,"href":"https:\/\/mincavi.com\/boutique\/wp-json\/wp\/v2\/media\/322149"}],"wp:attachment":[{"href":"https:\/\/mincavi.com\/boutique\/wp-json\/wp\/v2\/media?parent=322147"}],"wp:term":[{"taxonomy":"product_brand","embeddable":true,"href":"https:\/\/mincavi.com\/boutique\/wp-json\/wp\/v2\/product_brand?post=322147"},{"taxonomy":"product_cat","embeddable":true,"href":"https:\/\/mincavi.com\/boutique\/wp-json\/wp\/v2\/product_cat?post=322147"},{"taxonomy":"product_tag","embeddable":true,"href":"https:\/\/mincavi.com\/boutique\/wp-json\/wp\/v2\/product_tag?post=322147"}],"curies":[{"name":"wp","href":"https:\/\/api.w.org\/{rel}","templated":true}]}}