{"id":320116,"date":"2025-08-19T13:50:25","date_gmt":"2025-08-19T13:50:25","guid":{"rendered":"https:\/\/mincavi.com\/boutique\/?post_type=product&#038;p=320116"},"modified":"2026-04-29T18:59:51","modified_gmt":"2026-04-29T18:59:51","slug":"mincavi-heritage-40e-anniversaire","status":"publish","type":"product","link":"https:\/\/mincavi.com\/boutique\/produit\/mincavi-heritage-40e-anniversaire\/","title":{"rendered":"Min\u00e7avi H\u00e9ritage 40e anniversaire"},"content":{"rendered":"<p data-start=\"127\" data-end=\"318\">Plus de 100 nouvelles recettes sant\u00e9 et classiques sign\u00e9es Lyne Martineau, revisit\u00e9es avec soin dans ce livre hommage \u00e0 Lyne Martineau, fondatrice de Min\u00e7avi, qui a d\u00e9but\u00e9 l\u2019aventure en 1984.<br \/>\nDepuis maintenant 40 ans, la mission de Lyne a \u00e9t\u00e9 d\u2019aider, de motiver et d\u2019accompagner les gens vers l\u2019adoption de saines habitudes de vie.<\/p>\n<p data-start=\"462\" data-end=\"482\">Vous y retrouverez :<\/p>\n<ul data-start=\"484\" data-end=\"708\">\n<li data-section-id=\"18wc858\" data-start=\"484\" data-end=\"549\">plus de 110 recettes, dont plusieurs v\u00e9g\u00e9tariennes et v\u00e9ganes ;<\/li>\n<li data-section-id=\"nzwar9\" data-start=\"550\" data-end=\"596\">des recettes classiques de Lyne revisit\u00e9es ;<\/li>\n<li data-section-id=\"6syaf\" data-start=\"597\" data-end=\"650\">des recettes de collations et de desserts Min\u00e7avi ;<\/li>\n<li data-section-id=\"m1gn6r\" data-start=\"651\" data-end=\"708\">des trucs et conseils pour l\u2019Air fryer et le meal prep.<\/li>\n<\/ul>\n","protected":false},"excerpt":{"rendered":"<p>Plus de 100 nouvelles recettes sant\u00e9 et classiques sign\u00e9es Lyne Martineau, revisit\u00e9es avec soin dans ce livre hommage \u00e0 Lyne Martineau, fondatrice de Min\u00e7avi, qui a d\u00e9but\u00e9 l\u2019aventure en 1984. Depuis maintenant 40 ans, la mission de Lyne a \u00e9t\u00e9 d\u2019aider, de motiver et d\u2019accompagner les gens vers l\u2019adoption de saines habitudes de vie. Vous [&hellip;]<\/p>\n","protected":false},"featured_media":320378,"template":"","meta":{"_et_pb_use_builder":"","_et_pb_old_content":"","_et_gb_content_width":""},"product_brand":[],"product_cat":[33,34,35],"product_tag":[],"class_list":{"0":"post-320116","1":"product","2":"type-product","3":"status-publish","4":"has-post-thumbnail","6":"product_cat-livres","7":"product_cat-recettes","8":"product_cat-sec","10":"first","11":"instock","12":"taxable","13":"shipping-taxable","14":"purchasable","15":"product-type-simple"},"_links":{"self":[{"href":"https:\/\/mincavi.com\/boutique\/wp-json\/wp\/v2\/product\/320116","targetHints":{"allow":["GET"]}}],"collection":[{"href":"https:\/\/mincavi.com\/boutique\/wp-json\/wp\/v2\/product"}],"about":[{"href":"https:\/\/mincavi.com\/boutique\/wp-json\/wp\/v2\/types\/product"}],"wp:featuredmedia":[{"embeddable":true,"href":"https:\/\/mincavi.com\/boutique\/wp-json\/wp\/v2\/media\/320378"}],"wp:attachment":[{"href":"https:\/\/mincavi.com\/boutique\/wp-json\/wp\/v2\/media?parent=320116"}],"wp:term":[{"taxonomy":"product_brand","embeddable":true,"href":"https:\/\/mincavi.com\/boutique\/wp-json\/wp\/v2\/product_brand?post=320116"},{"taxonomy":"product_cat","embeddable":true,"href":"https:\/\/mincavi.com\/boutique\/wp-json\/wp\/v2\/product_cat?post=320116"},{"taxonomy":"product_tag","embeddable":true,"href":"https:\/\/mincavi.com\/boutique\/wp-json\/wp\/v2\/product_tag?post=320116"}],"curies":[{"name":"wp","href":"https:\/\/api.w.org\/{rel}","templated":true}]}}