{"id":311,"date":"2025-03-05T20:35:11","date_gmt":"2025-03-05T20:35:11","guid":{"rendered":"https:\/\/mincavi.com\/?post_type=product&#038;p=311"},"modified":"2026-04-21T22:41:20","modified_gmt":"2026-04-21T22:41:20","slug":"feuille-autocollante-assistant-mincavi","status":"publish","type":"product","link":"https:\/\/mincavi.com\/boutique\/produit\/feuille-autocollante-assistant-mincavi\/","title":{"rendered":"Feuille autocollante \u00ab Assistant Min\u00e7avi \u00bb"},"content":{"rendered":"<p><b data-stringify-type=\"bold\">Feuille autocollante \u00ab Assistant Min\u00e7avi \u00bb<\/b><br \/>\nCette feuille aux autocollants d\u2019assistant Min\u00e7avi vous aidera \u00e0 planifier certains gestes de votre parcours.<br \/>\nQue ce soit pour se f\u00e9liciter d\u2019avoir atteint un objectif d\u2019\u00e9limination de poids de 5% ou nous\u00a0 rappeler que l\u2019on est mardi, jour de la pes\u00e9e, vous aimerez ces autocollants!<br \/>\nChangement de dizaine ? On sonne la cloche! Nous avons oubli\u00e9 d\u2019\u00e9crire notre journal ? L\u2019Assistant Min\u00e7avi nous le fait penser avec son crayon (pour les menus papier) ou avec son cellulaire pour le journal \u00e9lectronique. Tout \u00e7a avec une belle dose d\u2019amour, comme l\u2019assistant nous le montre avec ses doigts en forme de\u00a0<span class=\"c-emoji c-emoji__medium c-emoji--inline\" data-qa=\"emoji\" data-sk=\"tooltip_parent\"><img decoding=\"async\" src=\"https:\/\/a.slack-edge.com\/production-standard-emoji-assets\/13.0\/google-medium\/2764-fe0f.png\" alt=\":c\u0153ur:\" aria-label=\"\u00c9moji c\u0153ur\" data-stringify-type=\"emoji\" data-stringify-emoji=\":heart:\" \/><\/span><\/p>\n","protected":false},"excerpt":{"rendered":"<p>Feuille autocollante \u00ab Assistant Min\u00e7avi \u00bb Cette feuille aux autocollants d\u2019assistant Min\u00e7avi vous aidera \u00e0 planifier certains gestes de votre parcours. Que ce soit pour se f\u00e9liciter d\u2019avoir atteint un objectif d\u2019\u00e9limination de poids de 5% ou nous\u00a0 rappeler que l\u2019on est mardi, jour de la pes\u00e9e, vous aimerez ces autocollants! Changement de dizaine ? [&hellip;]<\/p>\n","protected":false},"featured_media":318,"template":"","meta":{"_et_pb_use_builder":"","_et_pb_old_content":"","_et_gb_content_width":""},"product_brand":[],"product_cat":[39,32,40,35],"product_tag":[],"class_list":{"0":"post-311","1":"product","2":"type-product","3":"status-publish","4":"has-post-thumbnail","6":"product_cat-accesoires","7":"product_cat-autres","8":"product_cat-outils-mincavi","9":"product_cat-sec","11":"first","12":"instock","13":"taxable","14":"shipping-taxable","15":"purchasable","16":"product-type-simple"},"_links":{"self":[{"href":"https:\/\/mincavi.com\/boutique\/wp-json\/wp\/v2\/product\/311","targetHints":{"allow":["GET"]}}],"collection":[{"href":"https:\/\/mincavi.com\/boutique\/wp-json\/wp\/v2\/product"}],"about":[{"href":"https:\/\/mincavi.com\/boutique\/wp-json\/wp\/v2\/types\/product"}],"wp:featuredmedia":[{"embeddable":true,"href":"https:\/\/mincavi.com\/boutique\/wp-json\/wp\/v2\/media\/318"}],"wp:attachment":[{"href":"https:\/\/mincavi.com\/boutique\/wp-json\/wp\/v2\/media?parent=311"}],"wp:term":[{"taxonomy":"product_brand","embeddable":true,"href":"https:\/\/mincavi.com\/boutique\/wp-json\/wp\/v2\/product_brand?post=311"},{"taxonomy":"product_cat","embeddable":true,"href":"https:\/\/mincavi.com\/boutique\/wp-json\/wp\/v2\/product_cat?post=311"},{"taxonomy":"product_tag","embeddable":true,"href":"https:\/\/mincavi.com\/boutique\/wp-json\/wp\/v2\/product_tag?post=311"}],"curies":[{"name":"wp","href":"https:\/\/api.w.org\/{rel}","templated":true}]}}