{"id":310,"date":"2025-03-05T20:35:11","date_gmt":"2025-03-05T20:35:11","guid":{"rendered":"https:\/\/mincavi.com\/?post_type=product&#038;p=310"},"modified":"2026-04-21T22:41:20","modified_gmt":"2026-04-21T22:41:20","slug":"feuille-autocollante-bulles-motivantes","status":"publish","type":"product","link":"https:\/\/mincavi.com\/boutique\/produit\/feuille-autocollante-bulles-motivantes\/","title":{"rendered":"Feuille autocollante \u00ab Bulles motivantes \u00bb"},"content":{"rendered":"<p><b data-stringify-type=\"bold\">Feuille autocollante \u00ab Bulles motivantes \u00bb<\/b><br \/>\nCette feuille aux autocollants de bulles et de pens\u00e9es motivantes vous plaira. Elle peut \u00e9galement servir de m\u00e9mo pour vos portions de poisson, utilisez les autocollants\u00a0 dans votre journal alimentaire. Les citations des tabliers Min\u00e7avi sont un joli rappel pour vous ou pour les autres membres de votre famille\u00a0<span class=\"c-emoji c-emoji__medium c-emoji--inline\" data-qa=\"emoji\" data-sk=\"tooltip_parent\"><img decoding=\"async\" src=\"https:\/\/a.slack-edge.com\/production-standard-emoji-assets\/13.0\/google-medium\/1f609.png\" alt=\":clin_d'\u0153il:\" aria-label=\"\u00c9moji clin d'\u0153il\" data-stringify-type=\"emoji\" data-stringify-emoji=\":wink:\" \/><\/span><br \/>\nLes autocollants \u00ab Je planifie ma r\u00e9union d\u2019exercice \u00bb ou \u00ab je cuisine mes recettes pr\u00e9f\u00e9r\u00e9es Min\u00e7avi \u00bb peuvent \u00eatre plac\u00e9s \u00e0 votre horaire et vous encourager tout au long de votre semaine.<br \/>\nLa feuille autocollante vendue individuellement<\/p>\n","protected":false},"excerpt":{"rendered":"<p>Feuille autocollante \u00ab Bulles motivantes \u00bb Cette feuille aux autocollants de bulles et de pens\u00e9es motivantes vous plaira. Elle peut \u00e9galement servir de m\u00e9mo pour vos portions de poisson, utilisez les autocollants\u00a0 dans votre journal alimentaire. Les citations des tabliers Min\u00e7avi sont un joli rappel pour vous ou pour les autres membres de votre famille\u00a0 [&hellip;]<\/p>\n","protected":false},"featured_media":317,"template":"","meta":{"_et_pb_use_builder":"","_et_pb_old_content":"","_et_gb_content_width":""},"product_brand":[],"product_cat":[39,32,40,35],"product_tag":[],"class_list":{"0":"post-310","1":"product","2":"type-product","3":"status-publish","4":"has-post-thumbnail","6":"product_cat-accesoires","7":"product_cat-autres","8":"product_cat-outils-mincavi","9":"product_cat-sec","11":"first","12":"instock","13":"taxable","14":"shipping-taxable","15":"purchasable","16":"product-type-simple"},"_links":{"self":[{"href":"https:\/\/mincavi.com\/boutique\/wp-json\/wp\/v2\/product\/310","targetHints":{"allow":["GET"]}}],"collection":[{"href":"https:\/\/mincavi.com\/boutique\/wp-json\/wp\/v2\/product"}],"about":[{"href":"https:\/\/mincavi.com\/boutique\/wp-json\/wp\/v2\/types\/product"}],"wp:featuredmedia":[{"embeddable":true,"href":"https:\/\/mincavi.com\/boutique\/wp-json\/wp\/v2\/media\/317"}],"wp:attachment":[{"href":"https:\/\/mincavi.com\/boutique\/wp-json\/wp\/v2\/media?parent=310"}],"wp:term":[{"taxonomy":"product_brand","embeddable":true,"href":"https:\/\/mincavi.com\/boutique\/wp-json\/wp\/v2\/product_brand?post=310"},{"taxonomy":"product_cat","embeddable":true,"href":"https:\/\/mincavi.com\/boutique\/wp-json\/wp\/v2\/product_cat?post=310"},{"taxonomy":"product_tag","embeddable":true,"href":"https:\/\/mincavi.com\/boutique\/wp-json\/wp\/v2\/product_tag?post=310"}],"curies":[{"name":"wp","href":"https:\/\/api.w.org\/{rel}","templated":true}]}}