{"id":309,"date":"2025-03-05T20:35:11","date_gmt":"2025-03-05T20:35:11","guid":{"rendered":"https:\/\/mincavi.com\/?post_type=product&#038;p=309"},"modified":"2026-04-21T22:41:20","modified_gmt":"2026-04-21T22:41:20","slug":"feuille-autocollante-oiseaux-papillon","status":"publish","type":"product","link":"https:\/\/mincavi.com\/boutique\/produit\/feuille-autocollante-oiseaux-papillon\/","title":{"rendered":"Feuille autocollante \u00ab Oiseaux papillon \u00bb"},"content":{"rendered":"<p><b data-stringify-type=\"bold\">Feuille autocollante \u00ab Oiseaux papillon \u00bb<\/b><br \/>\n<b data-stringify-type=\"bold\"><\/b>Cette feuille aux autocollants de papillons, de fleurs, de p\u00e9tales et d\u2019oiseaux est id\u00e9ale pour agr\u00e9menter votre arbre Min\u00e7avi.<br \/>\nVous pouvez \u00e9galement utiliser les c\u0153urs avec les poids \u00e9limin\u00e9s pour votre carnet de pes\u00e9e ou votre agenda.<br \/>\nLes petites pens\u00e9es motivantes vous suivront en guise d\u2019encouragement dans votre journal alimentaire.<br \/>\nLa feuille autocollante vendue individuellement<\/p>\n","protected":false},"excerpt":{"rendered":"<p>Feuille autocollante \u00ab Oiseaux papillon \u00bb Cette feuille aux autocollants de papillons, de fleurs, de p\u00e9tales et d\u2019oiseaux est id\u00e9ale pour agr\u00e9menter votre arbre Min\u00e7avi. Vous pouvez \u00e9galement utiliser les c\u0153urs avec les poids \u00e9limin\u00e9s pour votre carnet de pes\u00e9e ou votre agenda. Les petites pens\u00e9es motivantes vous suivront en guise d\u2019encouragement dans votre journal [&hellip;]<\/p>\n","protected":false},"featured_media":316,"template":"","meta":{"_et_pb_use_builder":"","_et_pb_old_content":"","_et_gb_content_width":""},"product_brand":[],"product_cat":[39,32,40,35],"product_tag":[],"class_list":{"0":"post-309","1":"product","2":"type-product","3":"status-publish","4":"has-post-thumbnail","6":"product_cat-accesoires","7":"product_cat-autres","8":"product_cat-outils-mincavi","9":"product_cat-sec","11":"first","12":"instock","13":"taxable","14":"shipping-taxable","15":"purchasable","16":"product-type-simple"},"_links":{"self":[{"href":"https:\/\/mincavi.com\/boutique\/wp-json\/wp\/v2\/product\/309","targetHints":{"allow":["GET"]}}],"collection":[{"href":"https:\/\/mincavi.com\/boutique\/wp-json\/wp\/v2\/product"}],"about":[{"href":"https:\/\/mincavi.com\/boutique\/wp-json\/wp\/v2\/types\/product"}],"wp:featuredmedia":[{"embeddable":true,"href":"https:\/\/mincavi.com\/boutique\/wp-json\/wp\/v2\/media\/316"}],"wp:attachment":[{"href":"https:\/\/mincavi.com\/boutique\/wp-json\/wp\/v2\/media?parent=309"}],"wp:term":[{"taxonomy":"product_brand","embeddable":true,"href":"https:\/\/mincavi.com\/boutique\/wp-json\/wp\/v2\/product_brand?post=309"},{"taxonomy":"product_cat","embeddable":true,"href":"https:\/\/mincavi.com\/boutique\/wp-json\/wp\/v2\/product_cat?post=309"},{"taxonomy":"product_tag","embeddable":true,"href":"https:\/\/mincavi.com\/boutique\/wp-json\/wp\/v2\/product_tag?post=309"}],"curies":[{"name":"wp","href":"https:\/\/api.w.org\/{rel}","templated":true}]}}