{"id":268,"date":"2025-03-05T20:34:50","date_gmt":"2025-03-05T20:34:50","guid":{"rendered":"https:\/\/mincavi.com\/?post_type=product&#038;p=268"},"modified":"2025-10-16T18:02:17","modified_gmt":"2025-10-16T18:02:17","slug":"chandail-femme-xlarge","status":"publish","type":"product","link":"https:\/\/mincavi.com\/boutique\/produit\/chandail-femme-xlarge\/","title":{"rendered":"Chandail femme XLarge"},"content":{"rendered":"<p><strong>Chandail Min\u00e7avi\u00a0<\/strong><\/p>\n<p>Hommage \u00e0 la pr\u00e9sidente fondatrice de Min\u00e7avi Lyne Martineau sur la manche droite.<br \/>\nMin\u00e7avi remettra 2$ par chandail vendu \u00e0 la Soci\u00e9t\u00e9 de recherche sur le cancer.<\/p>\n<p>Marque :\u00a0 <em>THE AUTHENTIC <\/em><\/p>\n<ul>\n<li>100% polyester<\/li>\n<li>Col en V<\/li>\n<\/ul>\n<p>Tr\u00e8s l\u00e9ger et parfait pour bouger.<\/p>\n<p>Cet item sera disponible en vente lors des \u00e9v\u00e9nements pr\u00e9sentiels Min\u00e7avi.<br \/>\nAucun remboursement et aucun \u00e9change n&rsquo;est autoris\u00e9 pour ce produit.<\/p>\n<p><img loading=\"lazy\" decoding=\"async\" class=\"alignleft size-large wp-image-304510\" src=\"https:\/\/bravodelimincavi.com\/commande-en-ligne\/wp-content\/uploads\/sites\/4\/2022\/03\/image-1-1024x438.png\" alt=\"\" width=\"1024\" height=\"438\" \/><\/p>\n","protected":false},"excerpt":{"rendered":"<p>Chandail Min\u00e7avi\u00a0 Hommage \u00e0 la pr\u00e9sidente fondatrice de Min\u00e7avi Lyne Martineau sur la manche droite. Min\u00e7avi remettra 2$ par chandail vendu \u00e0 la Soci\u00e9t\u00e9 de recherche sur le cancer. Marque :\u00a0 THE AUTHENTIC 100% polyester Col en V Tr\u00e8s l\u00e9ger et parfait pour bouger. Cet item sera disponible en vente lors des \u00e9v\u00e9nements pr\u00e9sentiels Min\u00e7avi. [&hellip;]<\/p>\n","protected":false},"featured_media":302,"template":"","meta":{"_et_pb_use_builder":"","_et_pb_old_content":"","_et_gb_content_width":""},"product_brand":[],"product_cat":[39,32,33],"product_tag":[],"class_list":{"0":"post-268","1":"product","2":"type-product","3":"status-publish","4":"has-post-thumbnail","6":"product_cat-accesoires","7":"product_cat-autres","8":"product_cat-livres","10":"first","11":"instock","12":"purchasable","13":"product-type-simple"},"_links":{"self":[{"href":"https:\/\/mincavi.com\/boutique\/wp-json\/wp\/v2\/product\/268","targetHints":{"allow":["GET"]}}],"collection":[{"href":"https:\/\/mincavi.com\/boutique\/wp-json\/wp\/v2\/product"}],"about":[{"href":"https:\/\/mincavi.com\/boutique\/wp-json\/wp\/v2\/types\/product"}],"wp:featuredmedia":[{"embeddable":true,"href":"https:\/\/mincavi.com\/boutique\/wp-json\/wp\/v2\/media\/302"}],"wp:attachment":[{"href":"https:\/\/mincavi.com\/boutique\/wp-json\/wp\/v2\/media?parent=268"}],"wp:term":[{"taxonomy":"product_brand","embeddable":true,"href":"https:\/\/mincavi.com\/boutique\/wp-json\/wp\/v2\/product_brand?post=268"},{"taxonomy":"product_cat","embeddable":true,"href":"https:\/\/mincavi.com\/boutique\/wp-json\/wp\/v2\/product_cat?post=268"},{"taxonomy":"product_tag","embeddable":true,"href":"https:\/\/mincavi.com\/boutique\/wp-json\/wp\/v2\/product_tag?post=268"}],"curies":[{"name":"wp","href":"https:\/\/api.w.org\/{rel}","templated":true}]}}