{"id":217,"date":"2025-03-05T20:34:27","date_gmt":"2025-03-05T20:34:27","guid":{"rendered":"https:\/\/mincavi.com\/?post_type=product&#038;p=217"},"modified":"2026-05-05T17:57:00","modified_gmt":"2026-05-05T17:57:00","slug":"le-journal-alimentaire-grand-format-carnet-de-pesee","status":"publish","type":"product","link":"https:\/\/mincavi.com\/boutique\/produit\/le-journal-alimentaire-grand-format-carnet-de-pesee\/","title":{"rendered":"Le journal alimentaire grand format + carnet de pes\u00e9e"},"content":{"rendered":"<p><em><strong>Ce produit est disponible seulement pour les clients avec un abonnement actif \u00e0 la plateforme Min\u00e7avi.<\/strong><\/em><br \/>\nFormat cahier canada (page de 8.5\u00a0\u00bbx 11\u00a0\u00bb)<\/p>\n<p>Le journal alimentaire est l&rsquo;outil par excellence pour bien compl\u00e9ter les portions du programme Min\u00e7avi.<br \/>\nLe but est d&rsquo;avoir un portrait de ce qui est consomm\u00e9 dans la journ\u00e9e, semaine et mois. Cela vous s\u00e9vira aussi \u00e0 prendre conscience de ce qu&rsquo;on mange et de faire les corrections au besoin.<\/p>\n<p>Inclus \u00e0 l&rsquo;achat, le carnet de pes\u00e9e pour suivre votre progression de perte de poids de semaine en semaine.<\/p>\n<p>Limite de 1 seul journal par commande (1 journal alimentaire inclus 14 semaines)<\/p>\n","protected":false},"excerpt":{"rendered":"<p>Ce produit est disponible seulement pour les clients avec un abonnement actif \u00e0 la plateforme Min\u00e7avi. Format cahier canada (page de 8.5\u00a0\u00bbx 11\u00a0\u00bb) Le journal alimentaire est l&rsquo;outil par excellence pour bien compl\u00e9ter les portions du programme Min\u00e7avi. Le but est d&rsquo;avoir un portrait de ce qui est consomm\u00e9 dans la journ\u00e9e, semaine et mois. [&hellip;]<\/p>\n","protected":false},"featured_media":321982,"template":"","meta":{"_et_pb_use_builder":"","_et_pb_old_content":"","_et_gb_content_width":""},"product_brand":[],"product_cat":[39,40,35],"product_tag":[73],"class_list":{"0":"post-217","1":"product","2":"type-product","3":"status-publish","4":"has-post-thumbnail","6":"product_cat-accesoires","7":"product_cat-outils-mincavi","8":"product_cat-sec","9":"product_tag-produit-premium","10":"product_shipping_class-colis-enveloppe","12":"first","13":"instock","14":"sold-individually","15":"taxable","16":"shipping-taxable","17":"product-type-simple"},"_links":{"self":[{"href":"https:\/\/mincavi.com\/boutique\/wp-json\/wp\/v2\/product\/217","targetHints":{"allow":["GET"]}}],"collection":[{"href":"https:\/\/mincavi.com\/boutique\/wp-json\/wp\/v2\/product"}],"about":[{"href":"https:\/\/mincavi.com\/boutique\/wp-json\/wp\/v2\/types\/product"}],"wp:featuredmedia":[{"embeddable":true,"href":"https:\/\/mincavi.com\/boutique\/wp-json\/wp\/v2\/media\/321982"}],"wp:attachment":[{"href":"https:\/\/mincavi.com\/boutique\/wp-json\/wp\/v2\/media?parent=217"}],"wp:term":[{"taxonomy":"product_brand","embeddable":true,"href":"https:\/\/mincavi.com\/boutique\/wp-json\/wp\/v2\/product_brand?post=217"},{"taxonomy":"product_cat","embeddable":true,"href":"https:\/\/mincavi.com\/boutique\/wp-json\/wp\/v2\/product_cat?post=217"},{"taxonomy":"product_tag","embeddable":true,"href":"https:\/\/mincavi.com\/boutique\/wp-json\/wp\/v2\/product_tag?post=217"}],"curies":[{"name":"wp","href":"https:\/\/api.w.org\/{rel}","templated":true}]}}