{"id":184,"date":"2025-03-05T20:33:12","date_gmt":"2025-03-05T20:33:12","guid":{"rendered":"https:\/\/mincavi.com\/?post_type=product&#038;p=184"},"modified":"2026-05-05T13:29:44","modified_gmt":"2026-05-05T13:29:44","slug":"stylo-mincavi","status":"publish","type":"product","link":"https:\/\/mincavi.com\/boutique\/produit\/stylo-mincavi\/","title":{"rendered":"Stylo Min\u00e7avi"},"content":{"rendered":"<p>Un stylo Min\u00e7avi pour \u00e9crire, noter et prendre conscience de bien des choses \ud83d\ude42<br \/>\n<span style=\"font-size: x-small\">Un crayon ordinaire fonctionne aussi, mais un crayon Min\u00e7avi peut possiblement aider pour certaines occasions.<\/span><\/p>\n<p>Couleur : noir<\/p>\n","protected":false},"excerpt":{"rendered":"<p>Un stylo Min\u00e7avi pour \u00e9crire, noter et prendre conscience de bien des choses \ud83d\ude42 Un crayon ordinaire fonctionne aussi, mais un crayon Min\u00e7avi peut possiblement aider pour certaines occasions. Couleur : noir<\/p>\n","protected":false},"featured_media":275,"template":"","meta":{"_et_pb_use_builder":"","_et_pb_old_content":"","_et_gb_content_width":""},"product_brand":[],"product_cat":[39,40,35],"product_tag":[45],"class_list":{"0":"post-184","1":"product","2":"type-product","3":"status-publish","4":"has-post-thumbnail","6":"product_cat-accesoires","7":"product_cat-outils-mincavi","8":"product_cat-sec","9":"product_tag-rabais-premium-0-25","11":"first","12":"instock","13":"sale","14":"taxable","15":"shipping-taxable","16":"purchasable","17":"product-type-simple"},"_links":{"self":[{"href":"https:\/\/mincavi.com\/boutique\/wp-json\/wp\/v2\/product\/184","targetHints":{"allow":["GET"]}}],"collection":[{"href":"https:\/\/mincavi.com\/boutique\/wp-json\/wp\/v2\/product"}],"about":[{"href":"https:\/\/mincavi.com\/boutique\/wp-json\/wp\/v2\/types\/product"}],"wp:featuredmedia":[{"embeddable":true,"href":"https:\/\/mincavi.com\/boutique\/wp-json\/wp\/v2\/media\/275"}],"wp:attachment":[{"href":"https:\/\/mincavi.com\/boutique\/wp-json\/wp\/v2\/media?parent=184"}],"wp:term":[{"taxonomy":"product_brand","embeddable":true,"href":"https:\/\/mincavi.com\/boutique\/wp-json\/wp\/v2\/product_brand?post=184"},{"taxonomy":"product_cat","embeddable":true,"href":"https:\/\/mincavi.com\/boutique\/wp-json\/wp\/v2\/product_cat?post=184"},{"taxonomy":"product_tag","embeddable":true,"href":"https:\/\/mincavi.com\/boutique\/wp-json\/wp\/v2\/product_tag?post=184"}],"curies":[{"name":"wp","href":"https:\/\/api.w.org\/{rel}","templated":true}]}}