{"id":183,"date":"2025-03-05T20:33:12","date_gmt":"2025-03-05T20:33:12","guid":{"rendered":"https:\/\/mincavi.com\/?post_type=product&#038;p=183"},"modified":"2026-04-21T22:41:20","modified_gmt":"2026-04-21T22:41:20","slug":"laniere-porte-cle","status":"publish","type":"product","link":"https:\/\/mincavi.com\/boutique\/produit\/laniere-porte-cle\/","title":{"rendered":"Lani\u00e8re porte cl\u00e9"},"content":{"rendered":"<p>Une lani\u00e8re porte cl\u00e9 pour que Min\u00e7avi nous suive partout.<\/p>\n","protected":false},"excerpt":{"rendered":"<p>Une lani\u00e8re porte cl\u00e9 pour que Min\u00e7avi nous suive partout.<\/p>\n","protected":false},"featured_media":272,"template":"","meta":{"_et_pb_use_builder":"","_et_pb_old_content":"","_et_gb_content_width":""},"product_brand":[],"product_cat":[39,35],"product_tag":[38],"class_list":{"0":"post-183","1":"product","2":"type-product","3":"status-publish","4":"has-post-thumbnail","6":"product_cat-accesoires","7":"product_cat-sec","8":"product_tag-rabais-premium-0-50","10":"first","11":"instock","12":"sale","13":"purchasable","14":"product-type-simple"},"_links":{"self":[{"href":"https:\/\/mincavi.com\/boutique\/wp-json\/wp\/v2\/product\/183","targetHints":{"allow":["GET"]}}],"collection":[{"href":"https:\/\/mincavi.com\/boutique\/wp-json\/wp\/v2\/product"}],"about":[{"href":"https:\/\/mincavi.com\/boutique\/wp-json\/wp\/v2\/types\/product"}],"wp:featuredmedia":[{"embeddable":true,"href":"https:\/\/mincavi.com\/boutique\/wp-json\/wp\/v2\/media\/272"}],"wp:attachment":[{"href":"https:\/\/mincavi.com\/boutique\/wp-json\/wp\/v2\/media?parent=183"}],"wp:term":[{"taxonomy":"product_brand","embeddable":true,"href":"https:\/\/mincavi.com\/boutique\/wp-json\/wp\/v2\/product_brand?post=183"},{"taxonomy":"product_cat","embeddable":true,"href":"https:\/\/mincavi.com\/boutique\/wp-json\/wp\/v2\/product_cat?post=183"},{"taxonomy":"product_tag","embeddable":true,"href":"https:\/\/mincavi.com\/boutique\/wp-json\/wp\/v2\/product_tag?post=183"}],"curies":[{"name":"wp","href":"https:\/\/api.w.org\/{rel}","templated":true}]}}