{"id":176,"date":"2025-03-05T20:32:27","date_gmt":"2025-03-05T20:32:27","guid":{"rendered":"https:\/\/mincavi.com\/?post_type=product&#038;p=176"},"modified":"2026-04-11T12:55:37","modified_gmt":"2026-04-11T12:55:37","slug":"bouteille-isolee","status":"publish","type":"product","link":"https:\/\/mincavi.com\/boutique\/produit\/bouteille-isolee\/","title":{"rendered":"Bouteille Isol\u00e9e"},"content":{"rendered":"<p>Bouteille de 17 oz (500 ml)<\/p>\n<p>Fabriqu\u00e9 avec de l\u2019acier inoxydable de haute qualit\u00e9 r\u00e9sistant \u00e0 la rouille et \u00e0 la corrosion.<\/p>\n<p>Gardez les boissons chaudes ou froides pendant des heures.<\/p>\n","protected":false},"excerpt":{"rendered":"<p>Bouteille de 17 oz (500 ml) Fabriqu\u00e9 avec de l\u2019acier inoxydable de haute qualit\u00e9 r\u00e9sistant \u00e0 la rouille et \u00e0 la corrosion. Gardez les boissons chaudes ou froides pendant des heures.<\/p>\n","protected":false},"featured_media":270,"template":"","meta":{"_et_pb_use_builder":"","_et_pb_old_content":"","_et_gb_content_width":""},"product_brand":[],"product_cat":[39,43,35],"product_tag":[44],"class_list":{"0":"post-176","1":"product","2":"type-product","3":"status-publish","4":"has-post-thumbnail","6":"product_cat-accesoires","7":"product_cat-bouteille-et-goblet","8":"product_cat-sec","9":"product_tag-rabais-premium-1","11":"first","12":"instock","13":"sale","14":"taxable","15":"shipping-taxable","16":"purchasable","17":"product-type-simple"},"_links":{"self":[{"href":"https:\/\/mincavi.com\/boutique\/wp-json\/wp\/v2\/product\/176","targetHints":{"allow":["GET"]}}],"collection":[{"href":"https:\/\/mincavi.com\/boutique\/wp-json\/wp\/v2\/product"}],"about":[{"href":"https:\/\/mincavi.com\/boutique\/wp-json\/wp\/v2\/types\/product"}],"wp:featuredmedia":[{"embeddable":true,"href":"https:\/\/mincavi.com\/boutique\/wp-json\/wp\/v2\/media\/270"}],"wp:attachment":[{"href":"https:\/\/mincavi.com\/boutique\/wp-json\/wp\/v2\/media?parent=176"}],"wp:term":[{"taxonomy":"product_brand","embeddable":true,"href":"https:\/\/mincavi.com\/boutique\/wp-json\/wp\/v2\/product_brand?post=176"},{"taxonomy":"product_cat","embeddable":true,"href":"https:\/\/mincavi.com\/boutique\/wp-json\/wp\/v2\/product_cat?post=176"},{"taxonomy":"product_tag","embeddable":true,"href":"https:\/\/mincavi.com\/boutique\/wp-json\/wp\/v2\/product_tag?post=176"}],"curies":[{"name":"wp","href":"https:\/\/api.w.org\/{rel}","templated":true}]}}