{"id":172,"date":"2025-03-05T20:32:27","date_gmt":"2025-03-05T20:32:27","guid":{"rendered":"https:\/\/mincavi.com\/?post_type=product&#038;p=172"},"modified":"2026-04-26T14:37:48","modified_gmt":"2026-04-26T14:37:48","slug":"mincavi-marjorie","status":"publish","type":"product","link":"https:\/\/mincavi.com\/boutique\/produit\/mincavi-marjorie\/","title":{"rendered":"Min\u00e7avi &amp; Marjorie"},"content":{"rendered":"<p><span style=\"font-size: small\">Min\u00e7avi &amp; Marjorie : deux univers qui se rencontre et qui fusionnent. Ce livre de recettes, le 21e de la collection des \u00c9ditions Min\u00e7avi, constitue le fruit d&rsquo;une collaboration in\u00e9dite entre Min\u00e7avi et Marjorie Maltais.<br \/>\nCombinant le plaisir de bien manger \u00e0 la passion de cuisiner, cet ouvrage vous surprendra tant par la diversit\u00e9 des recettes propos\u00e9es que par la panoplie de trucs qu&rsquo;il rec\u00e8le.<\/span><\/p>\n","protected":false},"excerpt":{"rendered":"<p><span style=\"font-size: small\">Min\u00e7avi &amp; Marjorie : deux univers qui se rencontre et qui fusionnent. Ce livre de recettes, le 21e de la collection des \u00c9ditions Min\u00e7avi, constitue le fruit d&rsquo;une collaboration in\u00e9dite entre Min\u00e7avi et Marjorie Maltais.<br \/>\nCombinant le plaisir de bien manger \u00e0 la passion de cuisiner, cet ouvrage vous surprendra tant par la diversit\u00e9 des recettes propos\u00e9es que par la panoplie de trucs qu&rsquo;il rec\u00e8le.<\/span><\/p>\n","protected":false},"featured_media":243,"template":"","meta":{"_et_pb_use_builder":"","_et_pb_old_content":"","_et_gb_content_width":""},"product_brand":[],"product_cat":[33,34,35],"product_tag":[],"class_list":{"0":"post-172","1":"product","2":"type-product","3":"status-publish","4":"has-post-thumbnail","6":"product_cat-livres","7":"product_cat-recettes","8":"product_cat-sec","10":"first","11":"instock","12":"sale","13":"taxable","14":"shipping-taxable","15":"purchasable","16":"product-type-simple"},"_links":{"self":[{"href":"https:\/\/mincavi.com\/boutique\/wp-json\/wp\/v2\/product\/172","targetHints":{"allow":["GET"]}}],"collection":[{"href":"https:\/\/mincavi.com\/boutique\/wp-json\/wp\/v2\/product"}],"about":[{"href":"https:\/\/mincavi.com\/boutique\/wp-json\/wp\/v2\/types\/product"}],"wp:featuredmedia":[{"embeddable":true,"href":"https:\/\/mincavi.com\/boutique\/wp-json\/wp\/v2\/media\/243"}],"wp:attachment":[{"href":"https:\/\/mincavi.com\/boutique\/wp-json\/wp\/v2\/media?parent=172"}],"wp:term":[{"taxonomy":"product_brand","embeddable":true,"href":"https:\/\/mincavi.com\/boutique\/wp-json\/wp\/v2\/product_brand?post=172"},{"taxonomy":"product_cat","embeddable":true,"href":"https:\/\/mincavi.com\/boutique\/wp-json\/wp\/v2\/product_cat?post=172"},{"taxonomy":"product_tag","embeddable":true,"href":"https:\/\/mincavi.com\/boutique\/wp-json\/wp\/v2\/product_tag?post=172"}],"curies":[{"name":"wp","href":"https:\/\/api.w.org\/{rel}","templated":true}]}}