{"id":170,"date":"2025-03-05T20:32:27","date_gmt":"2025-03-05T20:32:27","guid":{"rendered":"https:\/\/mincavi.com\/?post_type=product&#038;p=170"},"modified":"2026-04-27T13:21:22","modified_gmt":"2026-04-27T13:21:22","slug":"le-guide-de-poche-mincavi","status":"publish","type":"product","link":"https:\/\/mincavi.com\/boutique\/produit\/le-guide-de-poche-mincavi\/","title":{"rendered":"Le guide de poche Min\u00e7avi"},"content":{"rendered":"<p>Mon guide \u00e0 la maison, au travail et \u00e0 l&rsquo;\u00e9picerie.<br \/>\nCe guide comprend :<br \/>\n&#8211; l&rsquo;index complet des recettes;<br \/>\n&#8211; le guide des aliments;<br \/>\n&#8211; la liste des produits commerciaux recommand\u00e9s au programme;<br \/>\n&#8211; un outil de r\u00e9flexion pour vous aider \u00e0 atteindre votre objectif;<br \/>\n&#8211; des exemples de menus sur 7 jours;<br \/>\n&#8211; des suggestions de d\u00e9jeuners sant\u00e9;<br \/>\n&#8211; des id\u00e9es pour la bo\u00eete \u00e0 lunch;<br \/>\n&#8211; et plus encore.<\/p>\n<p>&nbsp;<\/p>\n","protected":false},"excerpt":{"rendered":"<p>Mon guide \u00e0 la maison, au travail et \u00e0 l&rsquo;\u00e9picerie. Ce guide comprend : &#8211; l&rsquo;index complet des recettes; &#8211; le guide des aliments; &#8211; la liste des produits commerciaux recommand\u00e9s au programme; &#8211; un outil de r\u00e9flexion pour vous aider \u00e0 atteindre votre objectif; &#8211; des exemples de menus sur 7 jours; &#8211; des [&hellip;]<\/p>\n","protected":false},"featured_media":241,"template":"","meta":{"_et_pb_use_builder":"","_et_pb_old_content":"","_et_gb_content_width":""},"product_brand":[],"product_cat":[42,33,34,35],"product_tag":[],"class_list":{"0":"post-170","1":"product","2":"type-product","3":"status-publish","4":"has-post-thumbnail","6":"product_cat-guide-motivation","7":"product_cat-livres","8":"product_cat-recettes","9":"product_cat-sec","11":"first","12":"instock","13":"sale","14":"taxable","15":"shipping-taxable","16":"purchasable","17":"product-type-simple"},"_links":{"self":[{"href":"https:\/\/mincavi.com\/boutique\/wp-json\/wp\/v2\/product\/170","targetHints":{"allow":["GET"]}}],"collection":[{"href":"https:\/\/mincavi.com\/boutique\/wp-json\/wp\/v2\/product"}],"about":[{"href":"https:\/\/mincavi.com\/boutique\/wp-json\/wp\/v2\/types\/product"}],"wp:featuredmedia":[{"embeddable":true,"href":"https:\/\/mincavi.com\/boutique\/wp-json\/wp\/v2\/media\/241"}],"wp:attachment":[{"href":"https:\/\/mincavi.com\/boutique\/wp-json\/wp\/v2\/media?parent=170"}],"wp:term":[{"taxonomy":"product_brand","embeddable":true,"href":"https:\/\/mincavi.com\/boutique\/wp-json\/wp\/v2\/product_brand?post=170"},{"taxonomy":"product_cat","embeddable":true,"href":"https:\/\/mincavi.com\/boutique\/wp-json\/wp\/v2\/product_cat?post=170"},{"taxonomy":"product_tag","embeddable":true,"href":"https:\/\/mincavi.com\/boutique\/wp-json\/wp\/v2\/product_tag?post=170"}],"curies":[{"name":"wp","href":"https:\/\/api.w.org\/{rel}","templated":true}]}}