{"id":156,"date":"2025-03-05T20:32:04","date_gmt":"2025-03-05T20:32:04","guid":{"rendered":"https:\/\/mincavi.com\/?post_type=product&#038;p=156"},"modified":"2026-05-05T17:57:00","modified_gmt":"2026-05-05T17:57:00","slug":"programme-alimentaire-mincavi","status":"publish","type":"product","link":"https:\/\/mincavi.com\/boutique\/produit\/programme-alimentaire-mincavi\/","title":{"rendered":"Programme alimentaire Min\u00e7avi"},"content":{"rendered":"<p><em><strong>Ce produit est disponible seulement pour les clients avec un abonnement actif \u00e0 la plateforme Min\u00e7avi.<\/strong><\/em><\/p>\n<p>Le programme alimentaire Min\u00e7avi contient toutes les informations \u00e0 savoir pour suivre votre programme Min\u00e7avi.<br \/>\nConsulez l&rsquo;explication du programme en vid\u00e9o sur la plateforme pour bien comprendre chaque section et particularit\u00e9 du programme.<\/p>\n","protected":false},"excerpt":{"rendered":"<p>Ce produit est disponible seulement pour les clients avec un abonnement actif \u00e0 la plateforme Min\u00e7avi. Le programme alimentaire Min\u00e7avi contient toutes les informations \u00e0 savoir pour suivre votre programme Min\u00e7avi. Consulez l&rsquo;explication du programme en vid\u00e9o sur la plateforme pour bien comprendre chaque section et particularit\u00e9 du programme.<\/p>\n","protected":false},"featured_media":237,"template":"","meta":{"_et_pb_use_builder":"","_et_pb_old_content":"","_et_gb_content_width":""},"product_brand":[],"product_cat":[39,33,40,35],"product_tag":[73,41],"class_list":{"0":"post-156","1":"product","2":"type-product","3":"status-publish","4":"has-post-thumbnail","6":"product_cat-accesoires","7":"product_cat-livres","8":"product_cat-outils-mincavi","9":"product_cat-sec","10":"product_tag-produit-premium","11":"product_tag-rabais-premium-2","12":"product_shipping_class-colis-enveloppe","14":"first","15":"instock","16":"taxable","17":"shipping-taxable","18":"product-type-simple"},"_links":{"self":[{"href":"https:\/\/mincavi.com\/boutique\/wp-json\/wp\/v2\/product\/156","targetHints":{"allow":["GET"]}}],"collection":[{"href":"https:\/\/mincavi.com\/boutique\/wp-json\/wp\/v2\/product"}],"about":[{"href":"https:\/\/mincavi.com\/boutique\/wp-json\/wp\/v2\/types\/product"}],"wp:featuredmedia":[{"embeddable":true,"href":"https:\/\/mincavi.com\/boutique\/wp-json\/wp\/v2\/media\/237"}],"wp:attachment":[{"href":"https:\/\/mincavi.com\/boutique\/wp-json\/wp\/v2\/media?parent=156"}],"wp:term":[{"taxonomy":"product_brand","embeddable":true,"href":"https:\/\/mincavi.com\/boutique\/wp-json\/wp\/v2\/product_brand?post=156"},{"taxonomy":"product_cat","embeddable":true,"href":"https:\/\/mincavi.com\/boutique\/wp-json\/wp\/v2\/product_cat?post=156"},{"taxonomy":"product_tag","embeddable":true,"href":"https:\/\/mincavi.com\/boutique\/wp-json\/wp\/v2\/product_tag?post=156"}],"curies":[{"name":"wp","href":"https:\/\/api.w.org\/{rel}","templated":true}]}}