{"id":155,"date":"2025-03-05T20:32:04","date_gmt":"2025-03-05T20:32:04","guid":{"rendered":"https:\/\/mincavi.com\/?post_type=product&#038;p=155"},"modified":"2026-01-08T14:48:30","modified_gmt":"2026-01-08T14:48:30","slug":"mincavi-1","status":"publish","type":"product","link":"https:\/\/mincavi.com\/boutique\/produit\/mincavi-1\/","title":{"rendered":"Min\u00e7avi # 1"},"content":{"rendered":"<p><strong>Volume 1 : Vous r\u00eavez&#8230; nous avons la solution: Min\u00e7avi<\/strong><\/p>\n<p>Recettes tr\u00e8s faciles \u00e0 ex\u00e9cuter.<br \/>\nVous y trouverez les l\u00e9gendaires recettes : Soupe jardini\u00e8re Min\u00e7avi, Muffins Sylvia, Veau ou Boeuf \u00e9conomique.<br \/>\n** Cet article est aussi disponible dans les groupes de rencontre et inclut a l&rsquo;inscription au programme Min\u00e7avi. **<\/p>\n","protected":false},"excerpt":{"rendered":"<p>Volume 1 : Vous r\u00eavez&#8230; nous avons la solution: Min\u00e7avi Recettes tr\u00e8s faciles \u00e0 ex\u00e9cuter. Vous y trouverez les l\u00e9gendaires recettes : Soupe jardini\u00e8re Min\u00e7avi, Muffins Sylvia, Veau ou Boeuf \u00e9conomique. ** Cet article est aussi disponible dans les groupes de rencontre et inclut a l&rsquo;inscription au programme Min\u00e7avi. **<\/p>\n","protected":false},"featured_media":236,"template":"","meta":{"_et_pb_use_builder":"","_et_pb_old_content":"","_et_gb_content_width":""},"product_brand":[],"product_cat":[33,34,35],"product_tag":[38],"class_list":{"0":"post-155","1":"product","2":"type-product","3":"status-publish","4":"has-post-thumbnail","6":"product_cat-livres","7":"product_cat-recettes","8":"product_cat-sec","9":"product_tag-rabais-premium-0-50","11":"first","12":"instock","13":"sale","14":"taxable","15":"shipping-taxable","16":"purchasable","17":"product-type-simple"},"_links":{"self":[{"href":"https:\/\/mincavi.com\/boutique\/wp-json\/wp\/v2\/product\/155","targetHints":{"allow":["GET"]}}],"collection":[{"href":"https:\/\/mincavi.com\/boutique\/wp-json\/wp\/v2\/product"}],"about":[{"href":"https:\/\/mincavi.com\/boutique\/wp-json\/wp\/v2\/types\/product"}],"wp:featuredmedia":[{"embeddable":true,"href":"https:\/\/mincavi.com\/boutique\/wp-json\/wp\/v2\/media\/236"}],"wp:attachment":[{"href":"https:\/\/mincavi.com\/boutique\/wp-json\/wp\/v2\/media?parent=155"}],"wp:term":[{"taxonomy":"product_brand","embeddable":true,"href":"https:\/\/mincavi.com\/boutique\/wp-json\/wp\/v2\/product_brand?post=155"},{"taxonomy":"product_cat","embeddable":true,"href":"https:\/\/mincavi.com\/boutique\/wp-json\/wp\/v2\/product_cat?post=155"},{"taxonomy":"product_tag","embeddable":true,"href":"https:\/\/mincavi.com\/boutique\/wp-json\/wp\/v2\/product_tag?post=155"}],"curies":[{"name":"wp","href":"https:\/\/api.w.org\/{rel}","templated":true}]}}