{"id":152,"date":"2025-03-05T20:32:04","date_gmt":"2025-03-05T20:32:04","guid":{"rendered":"https:\/\/mincavi.com\/?post_type=product&#038;p=152"},"modified":"2026-04-26T14:37:48","modified_gmt":"2026-04-26T14:37:48","slug":"notre-histoire-30e-anniversaire","status":"publish","type":"product","link":"https:\/\/mincavi.com\/boutique\/produit\/notre-histoire-30e-anniversaire\/","title":{"rendered":"Notre Histoire &#8211; 30e anniversaire"},"content":{"rendered":"<p>D\u00e9couvrez 30 merveilleuses ann\u00e9es d&rsquo;histoires \u00e0 succ\u00e8s, d&rsquo;anecdotes, de partage, de photos et de recettes formidables.<br \/>\nTant de souvenirs inoubliables qui font de Min\u00e7avi une histoire \u00e0 raconter et, surtout, \u00e0 perp\u00e9tuer.<\/p>\n<p>Atteindre son poids sant\u00e9, c&rsquo;est merveilleux.<br \/>\nLe maintenir, c&rsquo;est encore mieux! C&rsquo;est notre promesse depuis 30 ans.<\/p>\n","protected":false},"excerpt":{"rendered":"<p>D\u00e9couvrez 30 merveilleuses ann\u00e9es d&rsquo;histoires \u00e0 succ\u00e8s, d&rsquo;anecdotes, de partage, de photos et de recettes formidables. Tant de souvenirs inoubliables qui font de Min\u00e7avi une histoire \u00e0 raconter et, surtout, \u00e0 perp\u00e9tuer. Atteindre son poids sant\u00e9, c&rsquo;est merveilleux. Le maintenir, c&rsquo;est encore mieux! C&rsquo;est notre promesse depuis 30 ans.<\/p>\n","protected":false},"featured_media":225,"template":"","meta":{"_et_pb_use_builder":"","_et_pb_old_content":"","_et_gb_content_width":""},"product_brand":[],"product_cat":[33,34,35],"product_tag":[],"class_list":{"0":"post-152","1":"product","2":"type-product","3":"status-publish","4":"has-post-thumbnail","6":"product_cat-livres","7":"product_cat-recettes","8":"product_cat-sec","10":"first","11":"instock","12":"sale","13":"taxable","14":"shipping-taxable","15":"purchasable","16":"product-type-simple"},"_links":{"self":[{"href":"https:\/\/mincavi.com\/boutique\/wp-json\/wp\/v2\/product\/152","targetHints":{"allow":["GET"]}}],"collection":[{"href":"https:\/\/mincavi.com\/boutique\/wp-json\/wp\/v2\/product"}],"about":[{"href":"https:\/\/mincavi.com\/boutique\/wp-json\/wp\/v2\/types\/product"}],"wp:featuredmedia":[{"embeddable":true,"href":"https:\/\/mincavi.com\/boutique\/wp-json\/wp\/v2\/media\/225"}],"wp:attachment":[{"href":"https:\/\/mincavi.com\/boutique\/wp-json\/wp\/v2\/media?parent=152"}],"wp:term":[{"taxonomy":"product_brand","embeddable":true,"href":"https:\/\/mincavi.com\/boutique\/wp-json\/wp\/v2\/product_brand?post=152"},{"taxonomy":"product_cat","embeddable":true,"href":"https:\/\/mincavi.com\/boutique\/wp-json\/wp\/v2\/product_cat?post=152"},{"taxonomy":"product_tag","embeddable":true,"href":"https:\/\/mincavi.com\/boutique\/wp-json\/wp\/v2\/product_tag?post=152"}],"curies":[{"name":"wp","href":"https:\/\/api.w.org\/{rel}","templated":true}]}}