{"id":147,"date":"2025-03-05T20:32:04","date_gmt":"2025-03-05T20:32:04","guid":{"rendered":"https:\/\/mincavi.com\/?post_type=product&#038;p=147"},"modified":"2026-05-05T15:19:20","modified_gmt":"2026-05-05T15:19:20","slug":"gateau-reine-elisabeth","status":"publish","type":"product","link":"https:\/\/mincavi.com\/boutique\/produit\/gateau-reine-elisabeth\/","title":{"rendered":"G\u00e2teau Reine-\u00c9lisabeth (Pqt 6)"},"content":{"rendered":"<p>Format : 6 x 70 g<\/p>\n<p>Retrouvez tout le go\u00fbt traditionnel du g\u00e2teau Reine-\u00c9lisabeth \u00e0 base de pur\u00e9e de dattes, napp\u00e9 d&rsquo;une d\u00e9licieuse glace saupoudr\u00e9 de noix de coco.<br \/>\nFondant \u00e0 souhait, une vraie petite douceur.<\/p>\n<p>&nbsp;<\/p>\n","protected":false},"excerpt":{"rendered":"<p><strong>Nouveuau format : 60 x 70g\u00a0<\/strong><br \/>\nRetrouvez tout le go\u00fbt traditionnel du g\u00e2teau Reine-\u00c9lisabeth \u00e0 base de pur\u00e9e de dattes, napp\u00e9 d&rsquo;une d\u00e9licieuse glace saupoudr\u00e9 de noix de coco.<br \/>\nFondant \u00e0 souhait, une vraie petite douceur.<\/p>\n","protected":false},"featured_media":320101,"template":"","meta":{"_et_pb_use_builder":"","_et_pb_old_content":"","_et_gb_content_width":""},"product_brand":[],"product_cat":[17,18],"product_tag":[],"class_list":{"0":"post-147","1":"product","2":"type-product","3":"status-publish","4":"has-post-thumbnail","6":"product_cat-desserts-et-collations","7":"product_cat-petites-douceurs","9":"first","10":"instock","11":"purchasable","12":"product-type-simple"},"_links":{"self":[{"href":"https:\/\/mincavi.com\/boutique\/wp-json\/wp\/v2\/product\/147","targetHints":{"allow":["GET"]}}],"collection":[{"href":"https:\/\/mincavi.com\/boutique\/wp-json\/wp\/v2\/product"}],"about":[{"href":"https:\/\/mincavi.com\/boutique\/wp-json\/wp\/v2\/types\/product"}],"wp:featuredmedia":[{"embeddable":true,"href":"https:\/\/mincavi.com\/boutique\/wp-json\/wp\/v2\/media\/320101"}],"wp:attachment":[{"href":"https:\/\/mincavi.com\/boutique\/wp-json\/wp\/v2\/media?parent=147"}],"wp:term":[{"taxonomy":"product_brand","embeddable":true,"href":"https:\/\/mincavi.com\/boutique\/wp-json\/wp\/v2\/product_brand?post=147"},{"taxonomy":"product_cat","embeddable":true,"href":"https:\/\/mincavi.com\/boutique\/wp-json\/wp\/v2\/product_cat?post=147"},{"taxonomy":"product_tag","embeddable":true,"href":"https:\/\/mincavi.com\/boutique\/wp-json\/wp\/v2\/product_tag?post=147"}],"curies":[{"name":"wp","href":"https:\/\/api.w.org\/{rel}","templated":true}]}}