{"id":110,"date":"2025-03-05T20:31:42","date_gmt":"2025-03-05T20:31:42","guid":{"rendered":"https:\/\/mincavi.com\/?post_type=product&#038;p=110"},"modified":"2026-05-05T12:23:24","modified_gmt":"2026-05-05T12:23:24","slug":"pain-multigrains-proteine","status":"publish","type":"product","link":"https:\/\/mincavi.com\/boutique\/produit\/pain-multigrains-proteine\/","title":{"rendered":"Pain multigrains prot\u00e9in\u00e9"},"content":{"rendered":"<p>Format : 550 g<br \/>\n7 g de prot\u00e9ine par tranche.<\/p>\n<p>Succulent pain prot\u00e9in\u00e9.\u00a0 Ce pain peut \u00eatre consomm\u00e9 comme pain r\u00e9gulier ou m\u00eame \u00eatre consomm\u00e9 comme portion de pain et prot\u00e9ine. A d\u00e9guster frais, en r\u00f4ti, en sandwich, manger du pain n&rsquo;aura jamais \u00e9t\u00e9 aussi sant\u00e9.<\/p>\n","protected":false},"excerpt":{"rendered":"<p>Succulent pain prot\u00e9in\u00e9.\u00a0 Ce pain peut \u00eatre consomm\u00e9 comme pain r\u00e9gulier ou m\u00eame \u00eatre consomm\u00e9 comme portion de pain et prot\u00e9ine. \u00c0 d\u00e9guster frais, en r\u00f4ti, en sandwich, manger du pain n&rsquo;aura jamais \u00e9t\u00e9 aussi sant\u00e9.<\/p>\n","protected":false},"featured_media":193,"template":"","meta":{"_et_pb_use_builder":"","_et_pb_old_content":"","_et_gb_content_width":""},"product_brand":[],"product_cat":[19,21],"product_tag":[],"class_list":{"0":"post-110","1":"product","2":"type-product","3":"status-publish","4":"has-post-thumbnail","6":"product_cat-dejeuner","7":"product_cat-pain","9":"first","10":"instock","11":"sale","12":"purchasable","13":"product-type-simple"},"_links":{"self":[{"href":"https:\/\/mincavi.com\/boutique\/wp-json\/wp\/v2\/product\/110","targetHints":{"allow":["GET"]}}],"collection":[{"href":"https:\/\/mincavi.com\/boutique\/wp-json\/wp\/v2\/product"}],"about":[{"href":"https:\/\/mincavi.com\/boutique\/wp-json\/wp\/v2\/types\/product"}],"wp:featuredmedia":[{"embeddable":true,"href":"https:\/\/mincavi.com\/boutique\/wp-json\/wp\/v2\/media\/193"}],"wp:attachment":[{"href":"https:\/\/mincavi.com\/boutique\/wp-json\/wp\/v2\/media?parent=110"}],"wp:term":[{"taxonomy":"product_brand","embeddable":true,"href":"https:\/\/mincavi.com\/boutique\/wp-json\/wp\/v2\/product_brand?post=110"},{"taxonomy":"product_cat","embeddable":true,"href":"https:\/\/mincavi.com\/boutique\/wp-json\/wp\/v2\/product_cat?post=110"},{"taxonomy":"product_tag","embeddable":true,"href":"https:\/\/mincavi.com\/boutique\/wp-json\/wp\/v2\/product_tag?post=110"}],"curies":[{"name":"wp","href":"https:\/\/api.w.org\/{rel}","templated":true}]}}